{"id":106,"date":"2023-09-12T10:32:56","date_gmt":"2023-09-12T08:32:56","guid":{"rendered":"http:\/\/192.168.1.152\/frankfurter-tafel\/?page_id=106"},"modified":"2026-03-09T14:11:51","modified_gmt":"2026-03-09T13:11:51","slug":"ausgabestellen","status":"publish","type":"page","link":"https:\/\/frankfurter-tafel.org\/en\/ausgabestellen\/","title":{"rendered":"Distribution points"},"content":{"rendered":"\t\t<div data-elementor-type=\"wp-page\" data-elementor-id=\"106\" class=\"elementor elementor-106\">\n\t\t\t\t\t\t<section class=\"elementor-section elementor-top-section elementor-element elementor-element-4facab8 elementor-section-height-min-height elementor-section-stretched elementor-section-boxed elementor-section-height-default elementor-section-items-middle\" data-id=\"4facab8\" data-element_type=\"section\" data-e-type=\"section\" data-settings=\"{&quot;background_background&quot;:&quot;classic&quot;,&quot;stretch_section&quot;:&quot;section-stretched&quot;}\">\n\t\t\t\t\t\t<div class=\"elementor-container elementor-column-gap-default\">\n\t\t\t\t\t<div class=\"elementor-column elementor-col-100 elementor-top-column elementor-element elementor-element-f6a162a\" data-id=\"f6a162a\" data-element_type=\"column\" data-e-type=\"column\">\n\t\t\t<div class=\"elementor-widget-wrap\">\n\t\t\t\t\t\t\t<\/div>\n\t\t<\/div>\n\t\t\t\t\t<\/div>\n\t\t<\/section>\n\t\t\t\t<section class=\"elementor-section elementor-top-section elementor-element elementor-element-c5f4578 elementor-section-boxed elementor-section-height-default elementor-section-height-default\" data-id=\"c5f4578\" data-element_type=\"section\" data-e-type=\"section\">\n\t\t\t\t\t\t<div class=\"elementor-container elementor-column-gap-default\">\n\t\t\t\t\t<div class=\"elementor-column elementor-col-100 elementor-top-column elementor-element elementor-element-a063768\" data-id=\"a063768\" data-element_type=\"column\" data-e-type=\"column\">\n\t\t\t<div class=\"elementor-widget-wrap elementor-element-populated\">\n\t\t\t\t\t\t<div class=\"elementor-element elementor-element-99faf4c elementor-widget elementor-widget-heading\" data-id=\"99faf4c\" data-element_type=\"widget\" data-e-type=\"widget\" data-widget_type=\"heading.default\">\n\t\t\t\t<div class=\"elementor-widget-container\">\n\t\t\t\t\t<h1 class=\"elementor-heading-title elementor-size-default\">Ausgabestellen<\/h1>\t\t\t\t<\/div>\n\t\t\t\t<\/div>\n\t\t\t\t<div class=\"elementor-element elementor-element-294637f elementor-widget elementor-widget-text-editor\" data-id=\"294637f\" data-element_type=\"widget\" data-e-type=\"widget\" data-widget_type=\"text-editor.default\">\n\t\t\t\t<div class=\"elementor-widget-container\">\n\t\t\t\t\t\t\t\t\t<p>Die Frankfurter Tafel hat 14 Ausgabestellen in Frankfurt am Main, um die Verteilung von Lebensmitteln an Bed\u00fcrftige effizient zu gestalten. Diese Ausgabestellen sind zentrale Anlaufpunkte, an denen Menschen, die Anspruch auf Unterst\u00fctzung haben, regelm\u00e4\u00dfig Lebensmittel erhalten k\u00f6nnen.<\/p><p>An verschiedenen Orten in Frankfurt gibt es diese 14 Ausgabestellen, die regelm\u00e4\u00dfig ge\u00f6ffnet sind. Diese Ausgabepunkte sind so organisiert, dass sie die Menschen in verschiedenen Stadtteilen erreichen. Beispiele k\u00f6nnten spezielle Sozialzentren, Gemeindeh\u00e4user oder andere lokale Einrichtungen sein.<\/p><p>In besonderen F\u00e4llen oder Krisensituationen bietet die Frankfurter Tafel Notfallausgaben an, bei denen Menschen kurzfristig und ohne lange Anmeldezeiten Zugang zu Lebensmitteln erhalten k\u00f6nnen. Diese wurde beispielsweise nach Ausbruch des Krieges in der Ukraine eingerichtet, jedoch dann im Dezember 2023 wieder geschlossen.<\/p><p>Die Ausgabestellen der Frankfurter Tafel erf\u00fcllen eine zentrale Rolle in der Versorgung von bed\u00fcrftigen Menschen mit Lebensmitteln. Hier sind die Hauptaufgaben und Funktionen der Ausgabestellen:<\/p><ol><li><strong>Lebensmittelverteilung<\/strong><\/li><\/ol><ul><li><strong>Verteilung an Bed\u00fcrftige<\/strong>: Die Ausgabestellen sind Orte, an denen berechtigte Personen regelm\u00e4\u00dfig Lebensmittel erhalten. Diese werden nach bestimmten Kriterien wie Bed\u00fcrftigkeit und sozialer Lage verteilt.<\/li><li><strong>Sortierung und Bereitstellung<\/strong>: Die Lebensmittel werden in den Ausgabestellen sortiert und bereitgestellt. Dies kann sowohl frische Waren wie Obst und Gem\u00fcse als auch haltbare Lebensmittel umfassen.<\/li><\/ul><ol start=\"2\"><li><strong>Empf\u00e4ngerbetreuung<\/strong><\/li><\/ol><ul><li><strong>Registrierung und Verifikation<\/strong>: An den Ausgabestellen erfolgen die Registrierung und Verifikation der Bed\u00fcrftigen. Hier werden die Anspruchsberechtigungen \u00fcberpr\u00fcft, um sicherzustellen, dass die Verteilung fair und zielgerichtet erfolgt.<\/li><li><strong>Lotsen<\/strong>: Mitarbeiter der Frankfurter Tafel stehen den Empf\u00e4ngern oft beratend zur Seite, beantworten Fragen und geben Informationen zu weiteren Unterst\u00fctzungsangeboten.<\/li><\/ul><ol start=\"3\"><li><strong>Logistik und Organisation<\/strong><\/li><\/ol><ul><li><strong>Koordination<\/strong>: Die Ausgabestellen koordinieren die Verteilung von Lebensmitteln und sorgen daf\u00fcr, dass der Prozess effizient und gut organisiert abl\u00e4uft.<\/li><li><strong>Lagerung<\/strong>: Einige Ausgabestellen verf\u00fcgen \u00fcber Lagerr\u00e4ume, in denen die Lebensmittel vor der Verteilung aufbewahrt werden. Die richtige Lagerung ist wichtig, um die Qualit\u00e4t der Lebensmittel zu gew\u00e4hrleisten.<\/li><\/ul><ol start=\"4\"><li><strong>Zusammenarbeit mit Partnern<\/strong><\/li><\/ol><ul><li><strong>Kooperation mit sozialen Einrichtungen<\/strong>: Die Ausgabestellen arbeiten h\u00e4ufig mit sozialen Einrichtungen wie Obdachlosenheimen, Seniorenheimen oder Kindertagesst\u00e4tten zusammen, um Lebensmittel an verschiedene Gruppen von Bed\u00fcrftigen zu verteilen.<\/li><\/ul><ol start=\"5\"><li><strong>Ehrenamtliche Arbeit<\/strong><\/li><\/ol><ul><li><strong>Hilfe durch Freiwillige<\/strong>: Ehrenamtliche Mitarbeiter spielen eine wichtige Rolle an den Ausgabestellen. Sie helfen bei der Sortierung, Verpackung und Verteilung der Lebensmittel und unterst\u00fctzen bei der Betreuung der Empf\u00e4nger.<\/li><\/ul><ol start=\"6\"><li><strong>Sicherstellung der Lebensmittelsicherheit<\/strong><\/li><\/ol><ul><li><strong>Kontrolle der Qualit\u00e4t<\/strong>: Die Ausgabestellen \u00fcberpr\u00fcfen die Qualit\u00e4t und Haltbarkeit der Lebensmittel, um sicherzustellen, dass nur sichere und brauchbare Produkte verteilt werden.<\/li><\/ul><p>Insgesamt sorgen die Ausgabestellen der Frankfurter Tafel daf\u00fcr, dass Lebensmittel effizient an bed\u00fcrftige Menschen verteilt werden, und tragen dazu bei, die Grundbed\u00fcrfnisse der Hilfsbed\u00fcrftigen zu decken, w\u00e4hrend sie gleichzeitig den sozialen Zusammenhalt st\u00e4rken und die Lebensmittelsicherheit gew\u00e4hrleisten.\u00a0<\/p>\t\t\t\t\t\t\t\t<\/div>\n\t\t\t\t<\/div>\n\t\t\t\t\t<\/div>\n\t\t<\/div>\n\t\t\t\t\t<\/div>\n\t\t<\/section>\n\t\t\t\t<section class=\"elementor-section elementor-top-section elementor-element elementor-element-6d31fa0 elementor-section-boxed elementor-section-height-default elementor-section-height-default\" data-id=\"6d31fa0\" data-element_type=\"section\" data-e-type=\"section\">\n\t\t\t\t\t\t<div class=\"elementor-container elementor-column-gap-default\">\n\t\t\t\t\t<div class=\"elementor-column elementor-col-100 elementor-top-column elementor-element elementor-element-b27e6d5\" data-id=\"b27e6d5\" data-element_type=\"column\" data-e-type=\"column\">\n\t\t\t<div class=\"elementor-widget-wrap elementor-element-populated\">\n\t\t\t\t\t\t<div class=\"elementor-element elementor-element-4cef621 elementor-widget elementor-widget-heading\" data-id=\"4cef621\" data-element_type=\"widget\" data-e-type=\"widget\" data-widget_type=\"heading.default\">\n\t\t\t\t<div class=\"elementor-widget-container\">\n\t\t\t\t\t<h1 class=\"elementor-heading-title elementor-size-default\">PLZ-Suche<\/h1>\t\t\t\t<\/div>\n\t\t\t\t<\/div>\n\t\t\t\t<div class=\"elementor-element elementor-element-0e1166c elementor-widget elementor-widget-text-editor\" data-id=\"0e1166c\" data-element_type=\"widget\" data-e-type=\"widget\" data-widget_type=\"text-editor.default\">\n\t\t\t\t<div class=\"elementor-widget-container\">\n\t\t\t\t\t\t\t\t\tWo finde ich die n\u00e4chste Ausgabestelle in meiner Umgebung?\t\t\t\t\t\t\t\t<\/div>\n\t\t\t\t<\/div>\n\t\t\t\t\t<\/div>\n\t\t<\/div>\n\t\t\t\t\t<\/div>\n\t\t<\/section>\n\t\t\t\t<section class=\"elementor-section elementor-top-section elementor-element elementor-element-f768b89 elementor-section-boxed elementor-section-height-default elementor-section-height-default\" data-id=\"f768b89\" data-element_type=\"section\" data-e-type=\"section\">\n\t\t\t\t\t\t<div class=\"elementor-container elementor-column-gap-default\">\n\t\t\t\t\t<div class=\"elementor-column elementor-col-100 elementor-top-column elementor-element elementor-element-fc2e387\" data-id=\"fc2e387\" data-element_type=\"column\" data-e-type=\"column\">\n\t\t\t<div class=\"elementor-widget-wrap\">\n\t\t\t\t\t\t\t<\/div>\n\t\t<\/div>\n\t\t\t\t\t<\/div>\n\t\t<\/section>\n\t\t\t\t<section class=\"elementor-section elementor-top-section elementor-element elementor-element-543f179 elementor-section-boxed elementor-section-height-default elementor-section-height-default\" data-id=\"543f179\" data-element_type=\"section\" data-e-type=\"section\">\n\t\t\t\t\t\t<div class=\"elementor-container elementor-column-gap-default\">\n\t\t\t\t\t<div class=\"elementor-column elementor-col-100 elementor-top-column elementor-element elementor-element-3ca25a1\" data-id=\"3ca25a1\" data-element_type=\"column\" data-e-type=\"column\">\n\t\t\t<div class=\"elementor-widget-wrap elementor-element-populated\">\n\t\t\t\t\t\t<div class=\"elementor-element elementor-element-b53c3d3 elementor-widget elementor-widget-html\" data-id=\"b53c3d3\" data-element_type=\"widget\" data-e-type=\"widget\" data-widget_type=\"html.default\">\n\t\t\t\t<div class=\"elementor-widget-container\">\n\t\t\t\t\t     <style>\n        #plz-input {\n            width: 300px;\n            max-width: 300px;\n            box-sizing: border-box; \/* Stellt sicher, dass Padding und Border in die Breite einbezogen werden *\/\n        }\n        #results {\n            margin-top: 20px;\n        }\n    <\/style>\n  <form id=\"plz-form\" style=\"text-align:center\">\n        <input type=\"number\" id=\"plz-input\" placeholder=\"Geben Sie Ihre PLZ ein\" min=\"60306\" max=\"65936\" pattern=\"\\d{5}\" title=\"Bitte geben Sie eine 5-stellige PLZ ein\">\n        <button type=\"submit\" id=\"search-button\">Suche<\/button>\n    <\/form>\n    <div id=\"results\"><\/div>\n\n    <script type=\"text\/javascript\">\n      const data = [\n  {\"PLZ\": \"60306\", \"Ausgabestellen\": [\"Bahnhofsviertel\"]},\n  {\"PLZ\": \"60308\", \"Ausgabestellen\": [\"Bahnhofsviertel\", \"Gallusviertel\"]},\n  {\"PLZ\": \"60310\", \"Ausgabestellen\": [\"Bahnhofsviertel\", \"Bornheim (Merianplatz)\"]},\n  {\"PLZ\": \"60311\", \"Ausgabestellen\": [\"Bahnhofsviertel\", \"Bornheim (Merianplatz)\"]},\n  {\"PLZ\": \"60313\", \"Ausgabestellen\": [\"Bahnhofsviertel\", \"Bornheim (Merianplatz)\"]},\n  {\"PLZ\": \"60314\", \"Ausgabestellen\": [\"Bornheim (Merianplatz)\"]},\n  {\"PLZ\": \"60316\", \"Ausgabestellen\": [\"Bornheim (Merianplatz)\"]},\n  {\"PLZ\": \"60318\", \"Ausgabestellen\": [\"Bornheim (Merianplatz)\"]},\n  {\"PLZ\": \"60320\", \"Ausgabestellen\": [\"Bornheim (Merianplatz)\"]},\n  {\"PLZ\": \"60322\", \"Ausgabestellen\": [\"Bornheim (Merianplatz)\"]},\n  {\"PLZ\": \"60323\", \"Ausgabestellen\": [\"Bahnhofsviertel\"]},\n  {\"PLZ\": \"60325\", \"Ausgabestellen\": [\"Bahnhofsviertel\", \"Gallusviertel\"]},\n  {\"PLZ\": \"60326\", \"Ausgabestellen\": [\"Gallusviertel\"]},\n  {\"PLZ\": \"60327\", \"Ausgabestellen\": [\"Bahnhofsviertel\", \"Gallusviertel\"]},\n  {\"PLZ\": \"60329\", \"Ausgabestellen\": [\"Bahnhofsviertel\", \"Gallusviertel\"]},\n  {\"PLZ\": \"60385\", \"Ausgabestellen\": [\"Bornheim (Merianplatz)\"]},\n  {\"PLZ\": \"60386\", \"Ausgabestellen\": [\"Fechenheim S\u00fcd\", \"Fechenheim Nord\", \"Seckbach\"]},\n  {\"PLZ\": \"60388\", \"Ausgabestellen\": [\"Seckbach\"]},\n  {\"PLZ\": \"60389\", \"Ausgabestellen\": [\"Seckbach\"]},\n  {\"PLZ\": \"60431\", \"Ausgabestellen\": [\"Nordweststadt\"]},\n  {\"PLZ\": \"60433\", \"Ausgabestellen\": [\"Bonames\", \"Nordweststadt\", \"Preungesheim\", \"Seckbach\"]},\n  {\"PLZ\": \"60435\", \"Ausgabestellen\": [\"Preungesheim\"]},\n  {\"PLZ\": \"60437\", \"Ausgabestellen\": [\"Bonames\"]},\n  {\"PLZ\": \"60438\", \"Ausgabestellen\": [\"Bonames\", \"Nordweststadt\"]},\n  {\"PLZ\": \"60439\", \"Ausgabestellen\": [\"Nordweststadt\"]},\n  {\"PLZ\": \"60486\", \"Ausgabestellen\": [\"Gallusviertel\", \"R\u00f6delheim\"]},\n  {\"PLZ\": \"60487\", \"Ausgabestellen\": [\"R\u00f6delheim\"]},\n  {\"PLZ\": \"60488\", \"Ausgabestellen\": [\"R\u00f6delheim\"]},\n  {\"PLZ\": \"60489\", \"Ausgabestellen\": [\"R\u00f6delheim\"]},\n  {\"PLZ\": \"60528\", \"Ausgabestellen\": [\"Niederrad\", \"Schwanheim - Goldstein\"]},\n  {\"PLZ\": \"60529\", \"Ausgabestellen\": [\"Niederrad\", \"Schwanheim - Goldstein\", \"H\u00f6chst\"]},\n  {\"PLZ\": \"60549\", \"Ausgabestellen\": [\"Niederrad\", \"Schwanheim - Goldstein\"]},\n  {\"PLZ\": \"60594\", \"Ausgabestellen\": [\"Sachsenhausen\", \"Niederrad\"]},\n  {\"PLZ\": \"60596\", \"Ausgabestellen\": [\"Sachsenhausen\", \"Niederrad\"]},\n  {\"PLZ\": \"60598\", \"Ausgabestellen\": [\"Sachsenhausen\", \"Schwanheim - Goldstein\"]},\n  {\"PLZ\": \"60599\", \"Ausgabestellen\": [\"Sachsenhausen\", \"Schwanheim - Goldstein\"]},\n  {\"PLZ\": \"65929\", \"Ausgabestellen\": [\"H\u00f6chst\"]},\n  {\"PLZ\": \"65931\", \"Ausgabestellen\": [\"H\u00f6chst\"]},\n  {\"PLZ\": \"65933\", \"Ausgabestellen\": [\"H\u00f6chst\"]},\n  {\"PLZ\": \"65934\", \"Ausgabestellen\": [\"H\u00f6chst\"]},\n  {\"PLZ\": \"65936\", \"Ausgabestellen\": [\"H\u00f6chst\", \"R\u00f6delheim\"]}\n];\n\n\n\n\n        function searchPLZ() {\n            const plzInput = document.getElementById('plz-input').value.trim(); \/\/ Trim whitespaces\n            const resultsDiv = document.getElementById('results');\n            resultsDiv.innerHTML = ''; \/\/ Vorherige Ergebnisse l\u00f6schen\n\n            \/\/ Suche nach der PLZ im Array\n            const result = data.find(item => item.PLZ === plzInput);\n\n            if (result) {\n                \/\/ Wenn die PLZ gefunden wurde, die Ausgabestellen anzeigen\n                const ausgabestellen = result.Ausgabestellen.join(', ');\n                resultsDiv.innerHTML = `<h3>Ausgabestellen f\u00fcr PLZ ${plzInput}:<\/h3><ul>`;\n                result.Ausgabestellen.forEach(location => {\n                    resultsDiv.innerHTML += `<li>${location}<\/li>`;\n                });\n                resultsDiv.innerHTML += '<\/ul>';\n            } else {\n                \/\/ Wenn keine passende PLZ gefunden wurde\n                resultsDiv.innerHTML = `<p>Keine Ausgabestellen f\u00fcr PLZ ${plzInput} gefunden.<\/p>`;\n            }\n        }\n\n        \/\/ Event Listener f\u00fcr den Submit-Event des Formulars\n        document.getElementById('plz-form').addEventListener('submit', function(event) {\n            event.preventDefault(); \/\/ Verhindert das Standard-Submit-Verhalten des Formulars\n            searchPLZ();\n        });\n\n        \/\/ Event Listener f\u00fcr den Button\n        document.getElementById('search-button').addEventListener('click', function() {\n            searchPLZ();\n        });\n    <\/script>\t\t\t\t<\/div>\n\t\t\t\t<\/div>\n\t\t\t\t<div class=\"elementor-element elementor-element-a025718 elementor-widget elementor-widget-text-editor\" data-id=\"a025718\" data-element_type=\"widget\" data-e-type=\"widget\" data-widget_type=\"text-editor.default\">\n\t\t\t\t<div class=\"elementor-widget-container\">\n\t\t\t\t\t\t\t\t\t<h3>\u00a0<\/h3><table id=\"ausgabestellen\"><thead><tr><th><strong>Montag<\/strong><\/th><th><strong>Dienstag<\/strong><\/th><th><strong>Mittwoch<\/strong><\/th><th><strong>Donnerstag<\/strong><\/th><th><strong>Freitag<\/strong><\/th><th><strong>Samstag<\/strong><\/th><\/tr><\/thead><tbody><tr><td><p><code>Gallusviertel<\/code><\/p><p><em>Idsteinerstr. 91<\/em><\/p><p>Mehrgenerationen Haus<\/p><p><strong>12:45 &#8211; 15 Uhr<\/strong><\/p><p>PLZ: 60325, 60326, 60327, 60486, 65933<\/p><\/td><td><p><code>Nordweststadt<\/code><\/p><p><em>Ernst-Kahn-Stra\u00dfe 20<\/em><\/p><p>Cantate Domino-Gemeinde<\/p><p><strong>Ab 13 Uhr<\/strong><\/p><p>PLZ: 60431, 60433, 60438, 60439<\/p><\/td><td><p><code>Bornheim (Merianplatz)<\/code><\/p><p><em>Merianstra\u00dfe 13<\/em><\/p><p>Christus-Gemeinde<\/p><p><strong>12 &#8211; 14 Uhr<\/strong><\/p><p>PLZ: 60310, 60311,60313, 60314, 60316, 60318, 60320, 60322, 60385<\/p><\/td><td><p><code>Bonames<\/code><\/p><p><em>Ben-Gurion-Ring 16a<\/em><\/p><p>St. Lioba-Gemeinde<\/p><p><strong>12 &#8211; 14 Uhr<\/strong><\/p><p>PLZ: 60433, 60437, 60438<\/p><\/td><td><p><code>Bahnhofsviertel<\/code><\/p><p><em>Friedrich-Ebert-Anlage 33<\/em><\/p><p>Matth\u00e4uskirche<\/p><p><strong>12 &#8211; 14 Uhr<\/strong><\/p><p>PLZ: 60306, 60308, 60310, 60311, 60313,\u00a0 60323, 60325, 60327, 60329<\/p><\/td><td><p><code>Niederrad + Schwanh.\/Goldstein<\/code> \u00a0<em>Am Mainfeld 15 \u00a0 \u00a0\u00a0 Jugendclub <\/em><em>im Wechsel mit:\u00a0 <span data-olk-copy-source=\"MessageBody\">Am Wiesenhof 76 C Jugendwohnverbund St. Martin<\/span> \u00a0 \u00a0 \u00a0 \u00a0 \u00a0\u00a0<\/em><\/p><p><strong>12 &#8211; 14 Uhr<\/strong><\/p><p>PLZ: 60528, 60529, 60549, 60594, 60596, 60598,60599<\/p><\/td><\/tr><tr><td><p><code>R\u00f6delheim<\/code><\/p><p><em>Burgfriedenstr. 7<\/em><\/p><p>Auguste-Oberwinter-Haus<\/p><p><strong>12 -14 Uhr<\/strong><\/p><p>PLZ: 60486, 60487, 60488, 60489<\/p><\/td><td><p><code>Preungesheim<\/code><\/p><p><em>Jaspertstra\u00dfe 61<\/em><\/p><p>Paulusraum<\/p><p><strong>12 -14 Uhr<\/strong><\/p><p>PLZ: 60433, 60435,<\/p><\/td><td><p><code>H\u00f6chst<\/code><\/p><p><em>Schleifergasse 2-4<\/em><\/p><p><strong>9 &#8211; 13 Uhr<\/strong><\/p><p>PLZ: 60529, 65929, 65931, 65933, 65934, 65936<\/p><\/td><td><p><code>Fechenheim S\u00fcd<\/code><\/p><p><em>Jakobsbrunnenstra\u00dfe<\/em><\/p><p>Herz-Jesu-Kirche<\/p><p><strong>9 &#8211; 10 Uhr<\/strong><\/p><p>PLZ: 60386<\/p><\/td><td><p><code>H\u00f6chst<\/code><\/p><p><em>Schleifergasse 2-4<\/em><\/p><p><strong>10 &#8211; 13:30 Uhr<\/strong><\/p><p>PLZ: 60529, 65929, 65931, 65933, 65934, 65936<\/p><\/td><td><p><code>Sachsenhausen<\/code><\/p><p><em>Affentorplatz 3<\/em><\/p><p>Avetorstubb<\/p><p><strong>12 &#8211; 14 Uhr<\/strong><\/p><p>PLZ: 60594, 60596, 60598, 60599<\/p><\/td><\/tr><tr><td>\u00a0<\/td><td>\u00a0<\/td><td><p><code>Fechenheim Nord<\/code><\/p><p><em>Salzschlirfer Str. 15<\/em><\/p><p>Christliches Zentrum CZF<\/p><p><strong>12 -14 Uhr<\/strong><\/p><p>PLZ: 60386<\/p><\/td><td>\u00a0<\/td><td><h4><span style=\"color: #52729e;\">Bergen-Enkheim<\/span><\/h4><p><em>Heilig Kreuz Kirche Barbarossastr.59<\/em><\/p><p><strong>12 &#8211; 14 Uhr<\/strong><\/p><p>PLZ: 60386, 60388, 60389, 60433<\/p><\/td><td>\u00a0<\/td><\/tr><\/tbody><\/table><p>10<\/p>\t\t\t\t\t\t\t\t<\/div>\n\t\t\t\t<\/div>\n\t\t\t\t\t<\/div>\n\t\t<\/div>\n\t\t\t\t\t<\/div>\n\t\t<\/section>\n\t\t\t\t<\/div>\n\t\t","protected":false},"excerpt":{"rendered":"<p>Ausgabestellen Die Frankfurter Tafel hat 14 Ausgabestellen in Frankfurt am Main, um die Verteilung von Lebensmitteln an Bed\u00fcrftige effizient zu gestalten. Diese Ausgabestellen sind zentrale Anlaufpunkte, an denen Menschen, die Anspruch auf Unterst\u00fctzung haben, regelm\u00e4\u00dfig Lebensmittel erhalten k\u00f6nnen. An verschiedenen Orten in Frankfurt gibt es diese 14 Ausgabestellen, die regelm\u00e4\u00dfig ge\u00f6ffnet sind. Diese Ausgabepunkte sind [&hellip;]<\/p>\n","protected":false},"author":1,"featured_media":0,"parent":0,"menu_order":3,"comment_status":"closed","ping_status":"closed","template":"elementor_header_footer","meta":{"inline_featured_image":false,"ocean_post_layout":"full-width","ocean_both_sidebars_style":"","ocean_both_sidebars_content_width":0,"ocean_both_sidebars_sidebars_width":0,"ocean_sidebar":"","ocean_second_sidebar":"","ocean_disable_margins":"on","ocean_add_body_class":"","ocean_shortcode_before_top_bar":"","ocean_shortcode_after_top_bar":"","ocean_shortcode_before_header":"","ocean_shortcode_after_header":"","ocean_has_shortcode":"","ocean_shortcode_after_title":"","ocean_shortcode_before_footer_widgets":"","ocean_shortcode_after_footer_widgets":"","ocean_shortcode_before_footer_bottom":"","ocean_shortcode_after_footer_bottom":"","ocean_display_top_bar":"default","ocean_display_header":"default","ocean_header_style":"","ocean_center_header_left_menu":"","ocean_custom_header_template":"","ocean_custom_logo":0,"ocean_custom_retina_logo":0,"ocean_custom_logo_max_width":0,"ocean_custom_logo_tablet_max_width":0,"ocean_custom_logo_mobile_max_width":0,"ocean_custom_logo_max_height":0,"ocean_custom_logo_tablet_max_height":0,"ocean_custom_logo_mobile_max_height":0,"ocean_header_custom_menu":"","ocean_menu_typo_font_family":"","ocean_menu_typo_font_subset":"","ocean_menu_typo_font_size":0,"ocean_menu_typo_font_size_tablet":0,"ocean_menu_typo_font_size_mobile":0,"ocean_menu_typo_font_size_unit":"px","ocean_menu_typo_font_weight":"","ocean_menu_typo_font_weight_tablet":"","ocean_menu_typo_font_weight_mobile":"","ocean_menu_typo_transform":"","ocean_menu_typo_transform_tablet":"","ocean_menu_typo_transform_mobile":"","ocean_menu_typo_line_height":0,"ocean_menu_typo_line_height_tablet":0,"ocean_menu_typo_line_height_mobile":0,"ocean_menu_typo_line_height_unit":"","ocean_menu_typo_spacing":0,"ocean_menu_typo_spacing_tablet":0,"ocean_menu_typo_spacing_mobile":0,"ocean_menu_typo_spacing_unit":"","ocean_menu_link_color":"","ocean_menu_link_color_hover":"","ocean_menu_link_color_active":"","ocean_menu_link_background":"","ocean_menu_link_hover_background":"","ocean_menu_link_active_background":"","ocean_menu_social_links_bg":"","ocean_menu_social_hover_links_bg":"","ocean_menu_social_links_color":"","ocean_menu_social_hover_links_color":"","ocean_disable_title":"default","ocean_disable_heading":"default","ocean_post_title":"","ocean_post_subheading":"","ocean_post_title_style":"","ocean_post_title_background_color":"","ocean_post_title_background":0,"ocean_post_title_bg_image_position":"","ocean_post_title_bg_image_attachment":"","ocean_post_title_bg_image_repeat":"","ocean_post_title_bg_image_size":"","ocean_post_title_height":0,"ocean_post_title_bg_overlay":0.5,"ocean_post_title_bg_overlay_color":"","ocean_disable_breadcrumbs":"default","ocean_breadcrumbs_color":"","ocean_breadcrumbs_separator_color":"","ocean_breadcrumbs_links_color":"","ocean_breadcrumbs_links_hover_color":"","ocean_display_footer_widgets":"default","ocean_display_footer_bottom":"default","ocean_custom_footer_template":"","footnotes":""},"class_list":["post-106","page","type-page","status-publish","hentry","entry"],"_links":{"self":[{"href":"https:\/\/frankfurter-tafel.org\/en\/wp-json\/wp\/v2\/pages\/106","targetHints":{"allow":["GET"]}}],"collection":[{"href":"https:\/\/frankfurter-tafel.org\/en\/wp-json\/wp\/v2\/pages"}],"about":[{"href":"https:\/\/frankfurter-tafel.org\/en\/wp-json\/wp\/v2\/types\/page"}],"author":[{"embeddable":true,"href":"https:\/\/frankfurter-tafel.org\/en\/wp-json\/wp\/v2\/users\/1"}],"replies":[{"embeddable":true,"href":"https:\/\/frankfurter-tafel.org\/en\/wp-json\/wp\/v2\/comments?post=106"}],"version-history":[{"count":367,"href":"https:\/\/frankfurter-tafel.org\/en\/wp-json\/wp\/v2\/pages\/106\/revisions"}],"predecessor-version":[{"id":3824,"href":"https:\/\/frankfurter-tafel.org\/en\/wp-json\/wp\/v2\/pages\/106\/revisions\/3824"}],"wp:attachment":[{"href":"https:\/\/frankfurter-tafel.org\/en\/wp-json\/wp\/v2\/media?parent=106"}],"curies":[{"name":"wp","href":"https:\/\/api.w.org\/{rel}","templated":true}]}}