{"id":1596,"date":"2023-12-12T10:13:14","date_gmt":"2023-12-12T09:13:14","guid":{"rendered":"http:\/\/tafel-fr-231208.studio-oberlaender.de\/?page_id=1596"},"modified":"2026-01-25T17:11:28","modified_gmt":"2026-01-25T16:11:28","slug":"satzung","status":"publish","type":"page","link":"https:\/\/frankfurter-tafel.org\/en\/satzung\/","title":{"rendered":"Satzung"},"content":{"rendered":"<div data-elementor-type=\"wp-page\" data-elementor-id=\"1596\" class=\"elementor elementor-1596\">\n\t\t\t\t\t\t<section class=\"elementor-section elementor-top-section elementor-element elementor-element-02f189d elementor-section-boxed elementor-section-height-default elementor-section-height-default\" data-id=\"02f189d\" data-element_type=\"section\" data-e-type=\"section\">\n\t\t\t\t\t\t<div class=\"elementor-container elementor-column-gap-default\">\n\t\t\t\t\t<div class=\"elementor-column elementor-col-100 elementor-top-column elementor-element elementor-element-ca86416\" data-id=\"ca86416\" data-element_type=\"column\" data-e-type=\"column\">\n\t\t\t<div class=\"elementor-widget-wrap elementor-element-populated\">\n\t\t\t\t\t\t<div class=\"elementor-element elementor-element-74dbc3c elementor-widget elementor-widget-text-editor\" data-id=\"74dbc3c\" data-element_type=\"widget\" data-e-type=\"widget\" data-widget_type=\"text-editor.default\">\n\t\t\t\t<div class=\"elementor-widget-container\">\n\t\t\t\t\t\t\t\t\t<h1>Satzung der FRANKFURTER TAFEL e.V.<\/h1><p>Beschlossen auf der Gr\u00fcnderversammlung am 06.03.1995\u00a0 \u00a0 \u00a0 \u00a0 \u00a0 \u00a0 \u00a0 \u00a0 \u00a0 \u00a0 \u00a0 \u00a0 \u00a0 \u00a0 \u00a0 \u00a0 \u00a0 \u00a0 \u00a0 \u00a0 \u00a0 \u00a0 \u00a0 \u00a0 \u00a0 \u00a0 \u00a0 \u00a0 \u00a0 \u00a0 \u00a0 \u00a0 \u00a0 \u00a0 \u00a0 \u00a0 \u00a0 \u00a0 \u00a0 \u00a0 \u00a0 \u00a0 \u00a0 \u00a0 \u00a0 \u00a0 \u00a0 \u00a0 \u00a0 \u00a0 \u00a0 Einschlie\u00dflich der Satzungs\u00e4nderungen vom 02.06.1997\u00a0 \u00a0 \u00a0 \u00a0 \u00a0 \u00a0 \u00a0 \u00a0 \u00a0 \u00a0 \u00a0 \u00a0 \u00a0 \u00a0 \u00a0 \u00a0 \u00a0 \u00a0 \u00a0 \u00a0 \u00a0 \u00a0 \u00a0 \u00a0 \u00a0 \u00a0 \u00a0 \u00a0 \u00a0 \u00a0 \u00a0 \u00a0 \u00a0 \u00a0 \u00a0 \u00a0 \u00a0 \u00a0 \u00a0 \u00a0 \u00a0 \u00a0 \u00a0 \u00a0 \u00a0 \u00a0 \u00a0 \u00a0 \u00a0 \u00a0 \u00a0 \u00a0 \u00a0 Einschlie\u00dflich der Satzungs\u00e4nderungen vom 20.06.2002\u00a0 \u00a0 \u00a0 \u00a0 \u00a0 \u00a0 \u00a0 \u00a0 \u00a0 \u00a0 \u00a0 \u00a0 \u00a0 \u00a0 \u00a0 \u00a0 \u00a0 \u00a0 \u00a0 \u00a0 \u00a0 \u00a0 \u00a0 \u00a0 \u00a0 \u00a0 \u00a0 \u00a0 \u00a0 \u00a0 \u00a0 \u00a0 \u00a0 \u00a0 \u00a0 \u00a0 \u00a0 \u00a0 \u00a0 \u00a0 \u00a0 \u00a0 \u00a0 \u00a0 \u00a0 \u00a0 \u00a0 \u00a0 \u00a0 \u00a0 \u00a0 \u00a0 \u00a0 \u00a0 Einschlie\u00dflich der Satzungs\u00e4nderungen vom 13.10.2005\u00a0 \u00a0 \u00a0 \u00a0 \u00a0 \u00a0 \u00a0 \u00a0 \u00a0 \u00a0 \u00a0 \u00a0 \u00a0 \u00a0 \u00a0 \u00a0 \u00a0 \u00a0 \u00a0 \u00a0 \u00a0 \u00a0 \u00a0 \u00a0 \u00a0 \u00a0 \u00a0 \u00a0 \u00a0 \u00a0 \u00a0 \u00a0 \u00a0 \u00a0 \u00a0 \u00a0 \u00a0 \u00a0 \u00a0 \u00a0 \u00a0 \u00a0 \u00a0 \u00a0 \u00a0 \u00a0 \u00a0 \u00a0 \u00a0 \u00a0 \u00a0 \u00a0 \u00a0 \u00a0 \u00a0 Einschlie\u00dflich der Satzungs\u00e4nderungen vom 25.09.2008\u00a0 \u00a0 \u00a0 \u00a0 \u00a0 \u00a0 \u00a0 \u00a0 \u00a0 \u00a0 \u00a0 \u00a0 \u00a0 \u00a0 \u00a0 \u00a0 \u00a0 \u00a0 \u00a0 \u00a0 \u00a0 \u00a0 \u00a0 \u00a0 \u00a0 \u00a0 \u00a0 \u00a0 \u00a0 \u00a0 \u00a0 \u00a0 \u00a0 \u00a0 \u00a0 \u00a0 \u00a0 \u00a0 \u00a0 \u00a0 \u00a0 \u00a0 \u00a0 \u00a0 \u00a0 \u00a0 \u00a0 \u00a0 \u00a0 \u00a0 \u00a0 \u00a0 Einschlie\u00dflich der Satzungs\u00e4nderungen vom 16.05.2017 <br \/>Einschlie\u00dflich der Satzungs\u00e4nderungen vom 03.09.2025\u00a0<\/p><p><span style=\"text-decoration: underline;\"><strong>\u00a7 1 Name, Sitz, Eintragung, Gesch\u00e4ftsjahr<\/strong> <\/span><br \/>1. Der Verein tr\u00e4gt den Namen FRANKFURTER TAFEL e.V. <br \/>2. Er hat den Sitz in Frankfurt am Main. <br \/>3. Er ist im Vereinsregister beim Amtsgericht Frankfurt am Main unter VR 10663 eingetragen. <br \/>4. Gesch\u00e4ftsjahr ist das Kalenderjahr.<\/p><p><span style=\"text-decoration: underline;\"><strong>\u00a7 2 Vereinszweck<\/strong> <\/span><br \/>1. Der Verein verfolgt ausschlie\u00dflich und unmittelbar gemeinn\u00fctzige und mildt\u00e4tige Zwecke im Sinne des dritten Abschnittes \u201eSteuerbeg\u00fcnstigte Zwecke\u201c der Abgabenordnung. <br \/>2. Ziel und Zweck des Vereins ist die F\u00f6rderung des Wohlfahrtswesens, insbesondere durch die Unterst\u00fctzung der Belange der bed\u00fcrftigen Allgemeinheit gem\u00e4\u00df \u00a7 53 Abgabenordnung, einschlie\u00dflich \u2013 aber nicht ausschlie\u00dflich \u2013 Obdach- und Wohnsitzloser, Drogenabh\u00e4ngiger sowie sozial benachteiligter Kinder und Jugendlicher. <br \/>3. Der Satzungszweck wird insbesondere durch die Erf\u00fcllung nachfolgender Aufgaben verwirklicht: <br \/>a) die Beschaffung verwendungsf\u00e4higer Lebensmittel und sonstiger Gegenst\u00e4nde des t\u00e4glichen Bedarfs und der k\u00f6rperlichen Hygiene,<\/p><p>b) die unmittelbare und mittelbare Ausgabe der unter a) genannten G\u00fcter an den in \u00a7 53 Abgabenordnung genannten Personenkreis, sowie an Obdachlosen- und Wohnsitzlosenheime, Drogen- und Aidshilfeeinrichtungen, Kinder- und Jugendanstalten, kirchliche Ausgabestellen sowie andere gemeinn\u00fctzig t\u00e4tige Organisationen,<\/p><p>c) die Beschaffung von Geld- und Sachspenden sowie von F\u00f6rdermitteln zur Erf\u00fcllung der gemeinn\u00fctzigen Zwecke des Vereins,<\/p><p>d) die \u00d6ffentlichkeitsarbeit zur Situation betroffener Personen nach \u00a7 53 Abgabenordnung sowie der Arbeit des Vereins.<\/p><p><span style=\"text-decoration: underline;\"><strong>\u00a7 3 Selbstlosigkeit<\/strong><\/span><\/p><p>1. Der Verein ist selbstlos t\u00e4tig, er verfolgt nicht in erster Linie eigenwirtschaftliche Zwecke. <br \/>2. Mittel des Vereins d\u00fcrfen nur f\u00fcr die satzungsm\u00e4\u00dfigen Zwecke verwendet werden. Die Mitglieder des Vereins d\u00fcrfen in ihrer Eigenschaft als Mitglied keine Zuwendungen aus Mitteln des Vereins erhalten. <br \/>3. Die Mitglieder d\u00fcrfen bei ihrem Ausscheiden oder bei Aufl\u00f6sung oder Aufhebung des Vereins keine Anteile des Vereinsverm\u00f6gens erhalten. <br \/>4. Es darf keine Person durch Ausgaben, die dem Zweck des Vereins fremd sind, oder durchunverh\u00e4ltnism\u00e4\u00dfig hohe Verg\u00fctung beg\u00fcnstigt werden.<\/p><p><span style=\"text-decoration: underline;\"><strong>\u00a7 4 Mitgliedschaft<\/strong> <\/span><br \/>1. Mitglied des Vereins kann jede Person werden, die seine Ziele unterst\u00fctzt (\u00a7 2). <br \/>2. \u00dcber den Antrag auf Aufnahme in den Verein entscheidet der\/die Vorstandsvorsitzende bzw., falls verhindert, sein\/ihr Stellvertreter\/in binnen 1 Monat. <br \/>3. Die Mitgliedschaft endet durch Austritt, Ausschluss oder Tod. <br \/>4. Der Austritt eines Mitglieds ist nur zum Ende des Halbjahrs m\u00f6glich. Er erfolgt durch schriftliche Erkl\u00e4rung gegen\u00fcber dem\/der Vorsitzenden unter Einhaltung einer Frist von 1 Monat. <br \/>5. Wenn ein Mitglied gegen die Ziele und Interessen des Vereins schwer versto\u00dfen hat, kann es vom Vorstand mit sofortiger Wirkung ausgeschlossen werden. Dem Mitglied muss vor der Beschlussfassung Gelegenheit zur Rechtfertigung bzw. Stellungnahme gegeben werden. Gegen den Ausschlie\u00dfungsbeschluss kann innerhalb einer Frist von 1 Monat Berufung eingelegt werden. Die n\u00e4chste Mitgliederversammlung entscheidet dann dar\u00fcber.<\/p><p><span style=\"text-decoration: underline;\"><strong>\u00a7 5 Beitr\u00e4ge<\/strong> <\/span><br \/>Die Mitglieder zahlen Beitr\u00e4ge, die von der Mitgliederversammlung beschlossen werden. Zur Festlegung der Beitragsh\u00f6he und \u2013 f\u00e4lligkeit ist eine Zweidrittelmehrheit der anwesenden stimmberechtigten Vereinsmitglieder erforderlich. N\u00e4heres wird in einer Beitragsordnung geregelt. <br \/><span style=\"text-decoration: underline;\"><strong>\u00a7 6 Finanzen<\/strong> <\/span><br \/>1. Der Verein finanziert sich durch Spenden, Mitgliedsbeitr\u00e4ge, \u00f6ffentliche F\u00f6rdermittel, Stiftungs- und Nachlasszuwendungen sowie durch Empfang gerichtlich beschlossener oder amtlich angeordneter Straf- und Bu\u00dfgeldzahlungen oder Geldauflagen von Dritten. <br \/>2. Ehrenamtlich t\u00e4tige Mitglieder k\u00f6nnen eine Aufwandsentsch\u00e4digung gem\u00e4\u00df \u00a7 3 Nr. 26 EStG erhalten.<\/p><p><span style=\"text-decoration: underline;\"><strong>\u00a7 7 Organe des Vereins<\/strong><\/span><br \/>Organe des Vereins sind der Vorstand und die Mitgliederversammlung. <br \/><span style=\"text-decoration: underline;\"><strong>\u00a7 8 Der Vorstand<\/strong> <\/span><br \/>1. Der Vorstand besteht aus einem\/einer Vorsitzenden, einem\/einer stellvertretenden Vorsitzenden und einem\/einer Schatzmeister\/in sowie \u2013 als erweiterter Vorstand \u2013 zwei Beisitzer\/innen. <br \/>2. Vorstand im Sinne des \u00a726 BGB sind der\/die 1. Vorsitzende, der\/die stellvertretende Vorsitzende und der\/die Schatzmeister\/in. Sie vertreten den Verein gerichtlich und au\u00dfergerichtlich. Je zwei dieser Vorstandsmitglieder vertreten den Verein gemeinschaftlich. <br \/>3. Die Wiederwahl der Vorstandsmitglieder ist m\u00f6glich. Jedes Vorstandsmitglied wird von der Mitgliederversammlung in einem besonderen Wahlgang bestimmt. Die jeweils amtierenden Vorstandsmitglieder bleiben nach Ablauf ihrer Amtszeit so lange im Amt, bis ihre Nachfolger gew\u00e4hlt sind. <br \/>4. Dem Vorstand obliegt die F\u00fchrung der laufenden Gesch\u00e4fte des Vereins. Er hat insbesondere die Aufgabe, die Beschl\u00fcsse der Mitgliederversammlung durchzuf\u00fchren sowie Arbeitsvertr\u00e4ge abzuschlie\u00dfen und zu k\u00fcndigen. Der Vorstand \u00fcbt seine T\u00e4tigkeit ehrenamtlich aus. Er kann f\u00fcr die F\u00fchrung der laufenden Gesch\u00e4fte eine\/n Gesch\u00e4ftsf\u00fchrer\/in bestellen. Dar\u00fcber hinaus kann der Vorstand zu seiner Unterst\u00fctzung und \u00fcber die Beisitzer nach \u00a7 8 Abs. 1 der Satzung hinaus, jederzeit bis zu weitere 3 Beisitzer berufen und auch wieder abberufen. Diese weiteren Beisitzer und der\/die Gesch\u00e4ftsf\u00fchrer\/in sind berechtigt, an den Sitzungen des Vorstands mit beratender Stimme teilzunehmen; ihnen steht kein Stimmrecht zu. <br \/>5. Vorstandssitzungen finden j\u00e4hrlich mindestens zweimal sowie nach Bedarf statt. Die Einladung zu den Vorstandssitzungen erfolgt durch den\/die Vorsitzende\/n schriftlich unter Einhaltung einer Einladungsfrist von mindestens 5 Werktagen. Vorstandssitzungen sind beschlussf\u00e4hig, wenn fristgem\u00e4\u00df eingeladen wurde und mindestens die H\u00e4lfte der Vorstandsmitglieder gem\u00e4\u00df \u00a7 8 Abs. 1 der Satzung, darunter der\/die Vorsitzende, anwesend sind. <br \/>6. Der Vorstand fasst seine Beschl\u00fcsse mit einfacher Mehrheit der anwesenden stimmberechtigten Vorstandsmitglieder. Die in den Vorstandssitzungen gefassten Beschl\u00fcsse sind schriftlich in einem Protokoll niederzulegen und von dem\/der Vorsitzenden zu unterzeichnen.<\/p><p><span style=\"text-decoration: underline;\"><strong>\u00a7 9 Mitgliederversammlung<\/strong> <\/span><br \/>1. Die Mitgliederversammlung ist mindestens einmal j\u00e4hrlich einzuberufen. <br \/>2. Eine au\u00dferordentliche Mitgliederversammlung ist einzuberufen, wenn es das Vereinsinteresse erfordert oder wenn mindestens 30% der Vereinsmitglieder die Einberufung schriftlich unter Angabe des Zwecks und der Gr\u00fcnde verlangen. <br \/>3. Die Einberufung der Mitgliederversammlung erfolgt schriftlich durch den\/die Vorsitzende\/n; wenn er\/sie verhindert ist, durch den\/die stellvertretende\/n Vorsitzende\/n. Dabei muss eine Einladungsfrist von mindestens 2 Wochen eingehalten werden. Gleichzeitig muss die Tagesordnung bekanntgegeben werde.<\/p><p>Die Frist beginnt mit dem Tag nach der Absendung des Einladungsschreibens, es gilt das Datum des Poststempels. <br \/>4. Die Mitgliederversammlung als das oberste beschlussfassende Vereinsorgan ist grunds\u00e4tzlich f\u00fcr alle Aufgaben zust\u00e4ndig, sofern bestimmte Aufgaben gem\u00e4\u00df dieser Satzung nicht einem anderen Vereinsorgan \u00fcbertragen wurden. Ihr sind insbesondere die Jahresrechnung und der Jahresbericht zur Beschlussfassung \u00fcber die Genehmigung und die Entlastung des Vorstands schriftlich vorzulegen. Sie bestellt zwei Rechnungspr\u00fcfer\/innen, die nicht dem Vorstand angeh\u00f6ren und auch nicht Angestellte des Vereins sein d\u00fcrfen, um die Buchf\u00fchrung einschlie\u00dflich Jahresabschluss zu pr\u00fcfen und der Mitgliederversammlung \u00fcber das Ergebnis zu berichten. <br \/>5. Die Mitgliederversammlung entscheidet auch \u00fcber: <br \/>a) Aufgaben des Vereins <br \/>b) An- und Verkauf sowie Belastung von Grundbesitz <br \/>c) Beteiligung an Gesellschaften <br \/>d) Aufnahme von Darlehen ab \u20ac 20.000,\u2013 <br \/>e) Genehmigung aller Gesch\u00e4ftsordnungen f\u00fcr den Vereinsbereich <br \/>f) Anzahl der Beisitzer\/innen im Vorstand nach \u00a7 8 Abs. 1 der Satzung <br \/>g) Mitgliedsbeitr\u00e4ge und Beschluss \u00fcber eine Beitragsordnung <br \/>h) Satzungs\u00e4nderungen <br \/>i) Aufl\u00f6sung des Vereins <br \/>j) Wahrnehmung aller sonstigen, der Mitgliederversammlung in dieser Satzung zugewiesenen Aufgaben. <br \/>6. Jede satzungsm\u00e4\u00dfig einberufene Mitgliederversammlung gilt als beschlussf\u00e4hig durch die Mehrheit der erschienenen stimmberechtigten Mitglieder. Jedes Mitglied \u2013 welches das 16. Lebensjahr vollendet hat \u2013 hat eine Stimme. <br \/>7. Die Mitgliederversammlung fasst ihre Beschl\u00fcsse mit einfacher Mehrheit. Bei Stimmgleichheit gilt ein Antrag als abgelehnt. Die Abstimmung erfolgt in der Regel per Handzeichen. Wird dadurch der Wille der Mitgliederversammlung nicht eindeutig erkennbar, hat eine Ausz\u00e4hlung der Stimmen zu erfolgen. Auf Wunsch \u2013 wobei der Wunsch eines stimmberechtigten Mitgliedes ausreichend ist \u2013 erfolgt die Abstimmung geheim. <br \/>8. \u00dcber jede Mitgliederversammlung ist ein Protokoll innerhalb von 2 Wochen nach der Mitgliederversammlung anzufertigen, dass insbesondere die Anwesenheitsliste, die Feststellung der Beschlussf\u00e4higkeit und die Beschl\u00fcsse der Mitgliederversammlung enth\u00e4lt. Das Protokoll ist von dem\/der Protokollf\u00fchrer\/in und dem\/der Vorsitzenden zu unterzeichnen und kann von jedem Vereinsmitglied auf der Gesch\u00e4ftsstelle des Vereins eingesehen werden.<\/p><p><span style=\"text-decoration: underline;\"><strong>\u00a7 10 Satzungs\u00e4nderungen<\/strong> <\/span><br \/>1. Antr\u00e4ge auf Satzungs\u00e4nderungen k\u00f6nnen von jedem Mitglied jederzeit an den Vorstand gestellt werden. Der Vorstand muss diese Antr\u00e4ge auf die Tagesordnung der n\u00e4chsten Mitgliederversammlung setzen. <br \/>2. F\u00fcr Satzungs\u00e4nderungen ist eine Zweidrittelmehrheit der erschienenen Vereinsmitglieder erforderlich. \u00dcber Satzungs\u00e4nderungen kann in der Mitgliederversammlung nur abgestimmt werden, wenn auf diesen Tagesordnungspunkt bereits in der Einladung zur Mitgliederversammlung<\/p><p>hingewiesen wurde und der Einladung sowohl der bisherige als auch der vorgesehene Satzungstext beigef\u00fcgt war. <br \/>3. Satzungs\u00e4nderungen, die von Aufsichts-, Gerichts- oder Finanzbeh\u00f6rden aus formalen Gr\u00fcnden verlangt werden, kann der Vorstand von sich aus vornehmen. Er muss diese Satzungs\u00e4nderung alsbald schriftlich allen Vereinsmitgliedern mitteilen.<\/p><p><span style=\"text-decoration: underline;\"><strong>\u00a7 11 Aufl\u00f6sung des Vereins und Verm\u00f6gensbindung<\/strong> <\/span><br \/>1. \u00dcber die Aufl\u00f6sung des Vereins beschlie\u00dft die Mitgliederversammlung. <br \/>2. Im Falle der Aufl\u00f6sung beruft die Mitgliederversammlung den gesamten bisherigen Vorstand des Vereins ab und bestellt nach den Regelungen \u00fcber die Bestellung des Vorstandes einen oder mehrere Liquidatoren. Die Liquidatoren vertreten den Verein nur gemeinschaftlich. <br \/>3. Bei Aufl\u00f6sung des Vereins oder Wegfall steuerbeg\u00fcnstigter Zwecke f\u00e4llt das Verm\u00f6gen des Vereins an die Frankfurter Tafel Stiftung, die es ausschlie\u00dflich f\u00fcr gemeinn\u00fctzige bzw. mildt\u00e4tige Zwecke zu verwenden hat. Den Beschluss dar\u00fcber hat der Vorstand, im Falle der Aufl\u00f6sung die Liquidatoren, zu fassen. Beschl\u00fcsse \u00fcber die Verwendung des Vereinsverm\u00f6gens d\u00fcrfen erst nach Einwilligung des zust\u00e4ndigen Finanzamtes ausgef\u00fchrt werden.<\/p><p><span style=\"text-decoration: underline;\"><strong>\u00a7 12 Ehrenmitgliedschaft und Ehrenvorsitzende\/r<\/strong> <\/span><br \/>Die Mitglieder des Vereins k\u00f6nnen aufgrund besonderer Verdienste von der Mitgliederversammlung zu Ehrenmitgliedern ernannt werden. Dar\u00fcber hinaus k\u00f6nnen ehemalige Vorstandsmitglieder des Vereins von der Mitgliederversammlung zu Ehrenvorsitzenden ernannt werden. Die Ehrenvorsitzenden haben keine Organstellung.<\/p>\t\t\t\t\t\t\t\t<\/div>\n\t\t\t\t<\/div>\n\t\t\t\t\t<\/div>\n\t\t<\/div>\n\t\t\t\t\t<\/div>\n\t\t<\/section>\n\t\t\t\t<section class=\"elementor-section elementor-top-section elementor-element elementor-element-2cb7592 elementor-section-boxed elementor-section-height-default elementor-section-height-default\" data-id=\"2cb7592\" data-element_type=\"section\" data-e-type=\"section\">\n\t\t\t\t\t\t<div class=\"elementor-container elementor-column-gap-default\">\n\t\t\t\t\t<div class=\"elementor-column elementor-col-100 elementor-top-column elementor-element elementor-element-c1c0364\" data-id=\"c1c0364\" data-element_type=\"column\" data-e-type=\"column\">\n\t\t\t<div class=\"elementor-widget-wrap elementor-element-populated\">\n\t\t\t\t\t\t\t<\/div>\n\t\t<\/div>\n\t\t\t\t\t<\/div>\n\t\t<\/section>\n\t\t\t\t<section class=\"elementor-section elementor-top-section elementor-element elementor-element-b31b23c elementor-section-boxed elementor-section-height-default elementor-section-height-default\" data-id=\"b31b23c\" data-element_type=\"section\" data-e-type=\"section\">\n\t\t\t\t\t\t<div class=\"elementor-container elementor-column-gap-default\">\n\t\t\t\t\t<div class=\"elementor-column elementor-col-100 elementor-top-column elementor-element elementor-element-0d51802\" data-id=\"0d51802\" data-element_type=\"column\" data-e-type=\"column\">\n\t\t\t<div class=\"elementor-widget-wrap\">\n\t\t\t\t\t\t\t<\/div>\n\t\t<\/div>\n\t\t\t\t\t<\/div>\n\t\t<\/section>\n\t\t\t\t<\/div>","protected":false},"excerpt":{"rendered":"<p>Satzung der FRANKFURTER TAFEL e.V. Beschlossen auf der Gr\u00fcnderversammlung am 06.03.1995\u00a0 \u00a0 \u00a0 \u00a0 \u00a0 \u00a0 \u00a0 \u00a0 \u00a0 \u00a0 \u00a0 \u00a0 \u00a0 \u00a0 \u00a0 \u00a0 \u00a0 \u00a0 \u00a0 \u00a0 \u00a0 \u00a0 \u00a0 \u00a0 \u00a0 \u00a0 \u00a0 \u00a0 \u00a0 \u00a0 \u00a0 \u00a0 \u00a0 \u00a0 \u00a0 \u00a0 \u00a0 \u00a0 \u00a0 \u00a0 \u00a0 \u00a0 \u00a0 \u00a0 \u00a0 [&hellip;]<\/p>\n","protected":false},"author":1,"featured_media":0,"parent":0,"menu_order":15,"comment_status":"closed","ping_status":"closed","template":"elementor_header_footer","meta":{"inline_featured_image":false,"ocean_post_layout":"","ocean_both_sidebars_style":"","ocean_both_sidebars_content_width":0,"ocean_both_sidebars_sidebars_width":0,"ocean_sidebar":"","ocean_second_sidebar":"","ocean_disable_margins":"enable","ocean_add_body_class":"","ocean_shortcode_before_top_bar":"","ocean_shortcode_after_top_bar":"","ocean_shortcode_before_header":"","ocean_shortcode_after_header":"","ocean_has_shortcode":"","ocean_shortcode_after_title":"","ocean_shortcode_before_footer_widgets":"","ocean_shortcode_after_footer_widgets":"","ocean_shortcode_before_footer_bottom":"","ocean_shortcode_after_footer_bottom":"","ocean_display_top_bar":"default","ocean_display_header":"default","ocean_header_style":"","ocean_center_header_left_menu":"","ocean_custom_header_template":"","ocean_custom_logo":0,"ocean_custom_retina_logo":0,"ocean_custom_logo_max_width":0,"ocean_custom_logo_tablet_max_width":0,"ocean_custom_logo_mobile_max_width":0,"ocean_custom_logo_max_height":0,"ocean_custom_logo_tablet_max_height":0,"ocean_custom_logo_mobile_max_height":0,"ocean_header_custom_menu":"","ocean_menu_typo_font_family":"","ocean_menu_typo_font_subset":"","ocean_menu_typo_font_size":0,"ocean_menu_typo_font_size_tablet":0,"ocean_menu_typo_font_size_mobile":0,"ocean_menu_typo_font_size_unit":"px","ocean_menu_typo_font_weight":"","ocean_menu_typo_font_weight_tablet":"","ocean_menu_typo_font_weight_mobile":"","ocean_menu_typo_transform":"","ocean_menu_typo_transform_tablet":"","ocean_menu_typo_transform_mobile":"","ocean_menu_typo_line_height":0,"ocean_menu_typo_line_height_tablet":0,"ocean_menu_typo_line_height_mobile":0,"ocean_menu_typo_line_height_unit":"","ocean_menu_typo_spacing":0,"ocean_menu_typo_spacing_tablet":0,"ocean_menu_typo_spacing_mobile":0,"ocean_menu_typo_spacing_unit":"","ocean_menu_link_color":"","ocean_menu_link_color_hover":"","ocean_menu_link_color_active":"","ocean_menu_link_background":"","ocean_menu_link_hover_background":"","ocean_menu_link_active_background":"","ocean_menu_social_links_bg":"","ocean_menu_social_hover_links_bg":"","ocean_menu_social_links_color":"","ocean_menu_social_hover_links_color":"","ocean_disable_title":"default","ocean_disable_heading":"default","ocean_post_title":"","ocean_post_subheading":"","ocean_post_title_style":"","ocean_post_title_background_color":"","ocean_post_title_background":0,"ocean_post_title_bg_image_position":"","ocean_post_title_bg_image_attachment":"","ocean_post_title_bg_image_repeat":"","ocean_post_title_bg_image_size":"","ocean_post_title_height":0,"ocean_post_title_bg_overlay":0.5,"ocean_post_title_bg_overlay_color":"","ocean_disable_breadcrumbs":"default","ocean_breadcrumbs_color":"","ocean_breadcrumbs_separator_color":"","ocean_breadcrumbs_links_color":"","ocean_breadcrumbs_links_hover_color":"","ocean_display_footer_widgets":"default","ocean_display_footer_bottom":"default","ocean_custom_footer_template":"","footnotes":""},"class_list":["post-1596","page","type-page","status-publish","hentry","entry"],"_links":{"self":[{"href":"https:\/\/frankfurter-tafel.org\/en\/wp-json\/wp\/v2\/pages\/1596","targetHints":{"allow":["GET"]}}],"collection":[{"href":"https:\/\/frankfurter-tafel.org\/en\/wp-json\/wp\/v2\/pages"}],"about":[{"href":"https:\/\/frankfurter-tafel.org\/en\/wp-json\/wp\/v2\/types\/page"}],"author":[{"embeddable":true,"href":"https:\/\/frankfurter-tafel.org\/en\/wp-json\/wp\/v2\/users\/1"}],"replies":[{"embeddable":true,"href":"https:\/\/frankfurter-tafel.org\/en\/wp-json\/wp\/v2\/comments?post=1596"}],"version-history":[{"count":27,"href":"https:\/\/frankfurter-tafel.org\/en\/wp-json\/wp\/v2\/pages\/1596\/revisions"}],"predecessor-version":[{"id":3767,"href":"https:\/\/frankfurter-tafel.org\/en\/wp-json\/wp\/v2\/pages\/1596\/revisions\/3767"}],"wp:attachment":[{"href":"https:\/\/frankfurter-tafel.org\/en\/wp-json\/wp\/v2\/media?parent=1596"}],"curies":[{"name":"wp","href":"https:\/\/api.w.org\/{rel}","templated":true}]}}