{"id":2213,"date":"2024-06-04T14:00:50","date_gmt":"2024-06-04T12:00:50","guid":{"rendered":"https:\/\/tafel-fr-231208.studio-lib.de\/?page_id=2213"},"modified":"2025-11-13T11:38:16","modified_gmt":"2025-11-13T10:38:16","slug":"die-tafelidee","status":"publish","type":"page","link":"https:\/\/frankfurter-tafel.org\/en\/about\/die-tafelidee\/","title":{"rendered":"Die Tafelidee"},"content":{"rendered":"<div data-elementor-type=\"wp-page\" data-elementor-id=\"2213\" class=\"elementor elementor-2213\">\n\t\t\t\t\t\t<section class=\"elementor-section elementor-top-section elementor-element elementor-element-224b9fc elementor-section-height-min-height elementor-section-stretched elementor-section-boxed elementor-section-height-default elementor-section-items-middle\" data-id=\"224b9fc\" data-element_type=\"section\" data-e-type=\"section\" data-settings=\"{&quot;background_background&quot;:&quot;classic&quot;,&quot;stretch_section&quot;:&quot;section-stretched&quot;}\">\n\t\t\t\t\t\t<div class=\"elementor-container elementor-column-gap-default\">\n\t\t\t\t\t<div class=\"elementor-column elementor-col-100 elementor-top-column elementor-element elementor-element-ab4e8a2\" data-id=\"ab4e8a2\" data-element_type=\"column\" data-e-type=\"column\">\n\t\t\t<div class=\"elementor-widget-wrap\">\n\t\t\t\t\t\t\t<\/div>\n\t\t<\/div>\n\t\t\t\t\t<\/div>\n\t\t<\/section>\n\t\t\t\t<section class=\"elementor-section elementor-top-section elementor-element elementor-element-4291615 elementor-section-boxed elementor-section-height-default elementor-section-height-default\" data-id=\"4291615\" data-element_type=\"section\" data-e-type=\"section\">\n\t\t\t\t\t\t<div class=\"elementor-container elementor-column-gap-default\">\n\t\t\t\t\t<div class=\"elementor-column elementor-col-100 elementor-top-column elementor-element elementor-element-c9aeade\" data-id=\"c9aeade\" data-element_type=\"column\" data-e-type=\"column\">\n\t\t\t<div class=\"elementor-widget-wrap elementor-element-populated\">\n\t\t\t\t\t\t<div class=\"elementor-element elementor-element-30b328b elementor-widget elementor-widget-heading\" data-id=\"30b328b\" data-element_type=\"widget\" data-e-type=\"widget\" data-widget_type=\"heading.default\">\n\t\t\t\t<div class=\"elementor-widget-container\">\n\t\t\t\t\t<h1 class=\"elementor-heading-title elementor-size-default\">Die Tafel-Idee<\/h1>\t\t\t\t<\/div>\n\t\t\t\t<\/div>\n\t\t\t\t<div class=\"elementor-element elementor-element-52a9ac6 elementor-widget elementor-widget-text-editor\" data-id=\"52a9ac6\" data-element_type=\"widget\" data-e-type=\"widget\" data-widget_type=\"text-editor.default\">\n\t\t\t\t<div class=\"elementor-widget-container\">\n\t\t\t\t\t\t\t\t\t<p>Das Tafelprinzip \u2013 So funktioniert es bundesweit<\/p>\n<p><b>Wie arbeiten die Tafeln?<\/b><br>Das Konzept der Tafeln basiert auf einer einfachen, aber wirkungsvollen Idee: W\u00e4hrend es Menschen gibt, die<br>Schwierigkeiten haben, ihre t\u00e4glichen Lebensmittel zu bekommen, existiert gleichzeitig ein \u00dcberfluss an<br>Lebensmitteln. Die Tafeln wirken als Vermittler zwischen dem \u00dcberfluss an Lebensmitteln, die im<br>Wirtschaftsprozess nicht mehr verwendet werden k\u00f6nnen, aber noch einwandfrei sind, und den Menschen, die auf<br>diese Unterst\u00fctzung angewiesen sind. Ehrenamtliche Helfer setzen sich daf\u00fcr ein, diesen Menschen zu helfen,<br>schwierige Zeiten zu \u00fcberbr\u00fccken und ihnen so neue Hoffnung und Perspektiven zu geben.<\/p>\n<p><b>Welche Lebensmittel werden verteilt?<\/b><br>Die Tafeln sammeln Lebensmittel, die zwar im Wirtschaftsprozess nicht mehr ben\u00f6tigt werden, aber noch von hoher<br>Qualit\u00e4t sind. Dazu geh\u00f6ren zum Beispiel Br\u00f6tchen, Brot und Kuchen vom Vortag, Milch und Milchprodukte kurz vor<br>dem Ablaufdatum sowie Obst mit kleinen Sch\u00f6nheitsfehlern oder Fehlabf\u00fcllungen.<\/p>\n<p>Diese gespendeten Lebensmittel werden entweder direkt an bed\u00fcrftige Personen ausgegeben oder an Einrichtungen<br>weitergegeben, die Mahlzeiten f\u00fcr Bed\u00fcrftige zubereiten. Die Verteilung erfolgt entweder kostenlos oder gegen<br>einen symbolischen Betrag.<\/p>\n<p><b>Wie helfen Unternehmen?<\/b><br>Unternehmen unterst\u00fctzen die Tafeln auf vielf\u00e4ltige Weise: durch Lebensmittelspenden, Sachspenden, Geldspenden<br>oder Dienstleistungen. Der Leitspruch \u201eJeder gibt, was er kann\u201c zeigt, dass von lokalen B\u00e4ckereien und<br>Wochenm\u00e4rkten bis hin zu Supermarktketten, Kfz-Werkst\u00e4tten, Grafikern, Automobilherstellern und<br>Beratungsunternehmen zahlreiche Akteure zur Unterst\u00fctzung beitragen.<\/p>\n<p><b>Engagement durch freiwillige Helfer<\/b><br>Viele Menschen tragen ihren Teil zum Tafelprojekt bei, indem sie ihre Zeit spenden. Obwohl nicht jeder sowohl<br>Geld als auch Zeit zur Verf\u00fcgung hat, engagieren sich zahlreiche Freiwillige mit Stunden ihrer Freizeit \u2013 sei es<br>t\u00e4glich, w\u00f6chentlich oder monatlich, je nach pers\u00f6nlicher M\u00f6glichkeit. Rund 60.000 Menschen engagieren sich<br>bundesweit ehrenamtlich bei den Tafeln, darunter 250 in Frankfurt (Stand: 2025). Spenden werden gerne<br>entgegengenommen, und aufgrund der ordnungsgem\u00e4\u00dfen T\u00e4tigkeit der Vereine erkennen die Finanz\u00e4mter diese als<br>gemeinn\u00fctzig an. Daher sind alle Spenden steuerlich absetzbar.<\/p>\t\t\t\t\t\t\t\t<\/div>\n\t\t\t\t<\/div>\n\t\t\t\t<div class=\"elementor-element elementor-element-f256a2b elementor-widget elementor-widget-image\" data-id=\"f256a2b\" data-element_type=\"widget\" data-e-type=\"widget\" data-widget_type=\"image.default\">\n\t\t\t\t<div class=\"elementor-widget-container\">\n\t\t\t\t\t\t\t\t\t\t\t\t\t\t\t<img fetchpriority=\"high\" decoding=\"async\" width=\"1024\" height=\"682\" src=\"https:\/\/frankfurter-tafel.org\/wp-content\/uploads\/2024\/09\/Bild-Tafelidee-1024x682.png\" class=\"attachment-large size-large wp-image-3116\" alt=\"\" srcset=\"https:\/\/frankfurter-tafel.org\/wp-content\/uploads\/2024\/09\/Bild-Tafelidee-1024x682.png 1024w, https:\/\/frankfurter-tafel.org\/wp-content\/uploads\/2024\/09\/Bild-Tafelidee-300x200.png 300w, https:\/\/frankfurter-tafel.org\/wp-content\/uploads\/2024\/09\/Bild-Tafelidee-768x511.png 768w, https:\/\/frankfurter-tafel.org\/wp-content\/uploads\/2024\/09\/Bild-Tafelidee-1536x1023.png 1536w, https:\/\/frankfurter-tafel.org\/wp-content\/uploads\/2024\/09\/Bild-Tafelidee-18x12.png 18w, https:\/\/frankfurter-tafel.org\/wp-content\/uploads\/2024\/09\/Bild-Tafelidee.png 1865w\" sizes=\"(max-width: 1024px) 100vw, 1024px\" \/>\t\t\t\t\t\t\t\t\t\t\t\t\t\t\t<\/div>\n\t\t\t\t<\/div>\n\t\t\t\t\t<\/div>\n\t\t<\/div>\n\t\t\t\t\t<\/div>\n\t\t<\/section>\n\t\t\t\t<\/div>","protected":false},"excerpt":{"rendered":"<p>Die Tafel-Idee Das Tafelprinzip \u2013 So funktioniert es bundesweit Wie arbeiten die Tafeln?Das Konzept der Tafeln basiert auf einer einfachen, aber wirkungsvollen Idee: W\u00e4hrend es Menschen gibt, dieSchwierigkeiten haben, ihre t\u00e4glichen Lebensmittel zu bekommen, existiert gleichzeitig ein \u00dcberfluss anLebensmitteln. Die Tafeln wirken als Vermittler zwischen dem \u00dcberfluss an Lebensmitteln, die imWirtschaftsprozess nicht mehr verwendet werden [&hellip;]<\/p>\n","protected":false},"author":1,"featured_media":0,"parent":6,"menu_order":3,"comment_status":"closed","ping_status":"closed","template":"elementor_header_footer","meta":{"inline_featured_image":false,"ocean_post_layout":"","ocean_both_sidebars_style":"","ocean_both_sidebars_content_width":0,"ocean_both_sidebars_sidebars_width":0,"ocean_sidebar":"","ocean_second_sidebar":"","ocean_disable_margins":"enable","ocean_add_body_class":"","ocean_shortcode_before_top_bar":"","ocean_shortcode_after_top_bar":"","ocean_shortcode_before_header":"","ocean_shortcode_after_header":"","ocean_has_shortcode":"","ocean_shortcode_after_title":"","ocean_shortcode_before_footer_widgets":"","ocean_shortcode_after_footer_widgets":"","ocean_shortcode_before_footer_bottom":"","ocean_shortcode_after_footer_bottom":"","ocean_display_top_bar":"default","ocean_display_header":"default","ocean_header_style":"","ocean_center_header_left_menu":"","ocean_custom_header_template":"","ocean_custom_logo":0,"ocean_custom_retina_logo":0,"ocean_custom_logo_max_width":0,"ocean_custom_logo_tablet_max_width":0,"ocean_custom_logo_mobile_max_width":0,"ocean_custom_logo_max_height":0,"ocean_custom_logo_tablet_max_height":0,"ocean_custom_logo_mobile_max_height":0,"ocean_header_custom_menu":"","ocean_menu_typo_font_family":"","ocean_menu_typo_font_subset":"","ocean_menu_typo_font_size":0,"ocean_menu_typo_font_size_tablet":0,"ocean_menu_typo_font_size_mobile":0,"ocean_menu_typo_font_size_unit":"px","ocean_menu_typo_font_weight":"","ocean_menu_typo_font_weight_tablet":"","ocean_menu_typo_font_weight_mobile":"","ocean_menu_typo_transform":"","ocean_menu_typo_transform_tablet":"","ocean_menu_typo_transform_mobile":"","ocean_menu_typo_line_height":0,"ocean_menu_typo_line_height_tablet":0,"ocean_menu_typo_line_height_mobile":0,"ocean_menu_typo_line_height_unit":"","ocean_menu_typo_spacing":0,"ocean_menu_typo_spacing_tablet":0,"ocean_menu_typo_spacing_mobile":0,"ocean_menu_typo_spacing_unit":"","ocean_menu_link_color":"","ocean_menu_link_color_hover":"","ocean_menu_link_color_active":"","ocean_menu_link_background":"","ocean_menu_link_hover_background":"","ocean_menu_link_active_background":"","ocean_menu_social_links_bg":"","ocean_menu_social_hover_links_bg":"","ocean_menu_social_links_color":"","ocean_menu_social_hover_links_color":"","ocean_disable_title":"default","ocean_disable_heading":"default","ocean_post_title":"","ocean_post_subheading":"","ocean_post_title_style":"","ocean_post_title_background_color":"","ocean_post_title_background":0,"ocean_post_title_bg_image_position":"","ocean_post_title_bg_image_attachment":"","ocean_post_title_bg_image_repeat":"","ocean_post_title_bg_image_size":"","ocean_post_title_height":0,"ocean_post_title_bg_overlay":0.5,"ocean_post_title_bg_overlay_color":"","ocean_disable_breadcrumbs":"default","ocean_breadcrumbs_color":"","ocean_breadcrumbs_separator_color":"","ocean_breadcrumbs_links_color":"","ocean_breadcrumbs_links_hover_color":"","ocean_display_footer_widgets":"default","ocean_display_footer_bottom":"default","ocean_custom_footer_template":"","footnotes":""},"class_list":["post-2213","page","type-page","status-publish","hentry","entry"],"_links":{"self":[{"href":"https:\/\/frankfurter-tafel.org\/en\/wp-json\/wp\/v2\/pages\/2213","targetHints":{"allow":["GET"]}}],"collection":[{"href":"https:\/\/frankfurter-tafel.org\/en\/wp-json\/wp\/v2\/pages"}],"about":[{"href":"https:\/\/frankfurter-tafel.org\/en\/wp-json\/wp\/v2\/types\/page"}],"author":[{"embeddable":true,"href":"https:\/\/frankfurter-tafel.org\/en\/wp-json\/wp\/v2\/users\/1"}],"replies":[{"embeddable":true,"href":"https:\/\/frankfurter-tafel.org\/en\/wp-json\/wp\/v2\/comments?post=2213"}],"version-history":[{"count":86,"href":"https:\/\/frankfurter-tafel.org\/en\/wp-json\/wp\/v2\/pages\/2213\/revisions"}],"predecessor-version":[{"id":3708,"href":"https:\/\/frankfurter-tafel.org\/en\/wp-json\/wp\/v2\/pages\/2213\/revisions\/3708"}],"up":[{"embeddable":true,"href":"https:\/\/frankfurter-tafel.org\/en\/wp-json\/wp\/v2\/pages\/6"}],"wp:attachment":[{"href":"https:\/\/frankfurter-tafel.org\/en\/wp-json\/wp\/v2\/media?parent=2213"}],"curies":[{"name":"wp","href":"https:\/\/api.w.org\/{rel}","templated":true}]}}