{"id":231,"date":"2023-09-12T11:35:29","date_gmt":"2023-09-12T09:35:29","guid":{"rendered":"http:\/\/192.168.1.152\/frankfurter-tafel\/?page_id=231"},"modified":"2024-10-08T08:00:56","modified_gmt":"2024-10-08T06:00:56","slug":"mitmachen","status":"publish","type":"page","link":"https:\/\/frankfurter-tafel.org\/en\/mitmachen\/","title":{"rendered":"Get involved"},"content":{"rendered":"<div data-elementor-type=\"wp-page\" data-elementor-id=\"231\" class=\"elementor elementor-231\">\n\t\t\t\t\t\t<section class=\"elementor-section elementor-top-section elementor-element elementor-element-69227f75 elementor-section-height-min-height elementor-section-stretched elementor-section-boxed elementor-section-height-default elementor-section-items-middle\" data-id=\"69227f75\" data-element_type=\"section\" data-e-type=\"section\" data-settings=\"{&quot;background_background&quot;:&quot;classic&quot;,&quot;stretch_section&quot;:&quot;section-stretched&quot;}\">\n\t\t\t\t\t\t<div class=\"elementor-container elementor-column-gap-default\">\n\t\t\t\t\t<div class=\"elementor-column elementor-col-100 elementor-top-column elementor-element elementor-element-231a5845\" data-id=\"231a5845\" data-element_type=\"column\" data-e-type=\"column\">\n\t\t\t<div class=\"elementor-widget-wrap\">\n\t\t\t\t\t\t\t<\/div>\n\t\t<\/div>\n\t\t\t\t\t<\/div>\n\t\t<\/section>\n\t\t\t\t<section class=\"elementor-section elementor-top-section elementor-element elementor-element-418d1d6f elementor-section-boxed elementor-section-height-default elementor-section-height-default\" data-id=\"418d1d6f\" data-element_type=\"section\" data-e-type=\"section\">\n\t\t\t\t\t\t<div class=\"elementor-container elementor-column-gap-default\">\n\t\t\t\t\t<div class=\"elementor-column elementor-col-100 elementor-top-column elementor-element elementor-element-54ea2968\" data-id=\"54ea2968\" data-element_type=\"column\" data-e-type=\"column\">\n\t\t\t<div class=\"elementor-widget-wrap elementor-element-populated\">\n\t\t\t\t\t\t<div class=\"elementor-element elementor-element-665e1a16 elementor-widget elementor-widget-heading\" data-id=\"665e1a16\" data-element_type=\"widget\" data-e-type=\"widget\" data-widget_type=\"heading.default\">\n\t\t\t\t<div class=\"elementor-widget-container\">\n\t\t\t\t\t<h1 class=\"elementor-heading-title elementor-size-default\">Get involved<\/h1>\t\t\t\t<\/div>\n\t\t\t\t<\/div>\n\t\t\t\t<div class=\"elementor-element elementor-element-434466af elementor-widget elementor-widget-text-editor\" data-id=\"434466af\" data-element_type=\"widget\" data-e-type=\"widget\" data-widget_type=\"text-editor.default\">\n\t\t\t\t<div class=\"elementor-widget-container\">\n\t\t\t\t\t\t\t\t\t<strong>Ehrenamt bei der Tafel Frankfurt<\/strong>\n<p>Unsere 230 Ehrenamtlichen sind das Herzst\u00fcck der Tafel-Arbeit in Frankfurt am Main. Sie engagieren sich t\u00e4glich f\u00fcr unsere Mission und leisten einen unsch\u00e4tzbaren Beitrag. Werden Sie Teil einer der gr\u00f6\u00dften sozialen Bewegungen Deutschlands! Egal, ob Sie regelm\u00e4\u00dfig oder nur bei besonderen Veranstaltungen helfen m\u00f6chten \u2013 Ihre Unterst\u00fctzung ist wertvoll, um Lebensmittel zu retten und Menschen in Not zu helfen.<\/p>\n\n<strong>Vielseitige Einsatzm\u00f6glichkeiten<\/strong>\n<p>Unsere Ehrenamtlichen kommen aus allen Altersgruppen \u2013 von Seniorinnen und Senioren bis hin zu Jugendlichen, sowie Menschen, die selbst Kundinnen oder Kunden der Tafel sind.<\/p>\n<p>Das Ehrenamt bei der Frankfurter Tafel e.V. bietet vielf\u00e4ltige M\u00f6glichkeiten: Sie k\u00f6nnen Lebensmittelspenden mit dem Tafel-Fahrzeug abholen, sortieren und verteilen, Projekte organisieren oder die Verwaltung unterst\u00fctzen. Wir freuen uns \u00fcber Ihr Interesse und sind gespannt, wie Sie sich einbringen m\u00f6chten.<\/p>\n\n<strong>Sie m\u00f6chten helfen?<\/strong>\n<p>Wir sind dankbar f\u00fcr jede Unterst\u00fctzung, die uns hilft, Menschen am Rande der Gesellschaft zu unterst\u00fctzen.<\/p>\n<p>Falls Sie nicht pers\u00f6nlich helfen k\u00f6nnen oder m\u00f6chten, aber trotzdem unsere Arbeit unterst\u00fctzen wollen, freuen wir uns auch \u00fcber Spenden. Diese helfen uns, beispielsweise die t\u00e4glichen Kosten f\u00fcr den Unterhalt unserer Fahrzeuge zu decken.<\/p>\n\n<strong>Lebensmittelausgaben<\/strong>\n<p>Wenn Sie sich f\u00fcr die Verteilung der Lebensmittel interessieren, melden Sie sich bitte telefonisch donnerstags von 09:00 bis 15:30 Uhr bei Herrn Brunner im Organisationsb\u00fcro unter Tel. 069 \u2013 49 80 825.<\/p>\n\n<strong>Fahrdienst<\/strong>\n<p>Besitzen Sie einen PKW-F\u00fchrerschein und haben Erfahrung im sicheren Fahren? Dann melden Sie sich bitte ebenfalls telefonisch donnerstags von 09:00 bis 15:30 Uhr bei Herrn Brunner im Organisationsb\u00fcro unter Tel. 069 \u2013 49 80 825.<\/p>\n\t\t\t\t\t\t\t\t<\/div>\n\t\t\t\t<\/div>\n\t\t\t\t<div class=\"elementor-element elementor-element-be7a369 elementor-widget elementor-widget-image\" data-id=\"be7a369\" data-element_type=\"widget\" data-e-type=\"widget\" data-widget_type=\"image.default\">\n\t\t\t\t<div class=\"elementor-widget-container\">\n\t\t\t\t\t\t\t\t\t\t\t\t\t\t\t<img fetchpriority=\"high\" decoding=\"async\" width=\"1024\" height=\"642\" src=\"https:\/\/frankfurter-tafel.org\/wp-content\/uploads\/2024\/09\/Mitmachen-2-1-1024x642.jpg\" class=\"attachment-large size-large wp-image-2921\" alt=\"\" srcset=\"https:\/\/frankfurter-tafel.org\/wp-content\/uploads\/2024\/09\/Mitmachen-2-1-1024x642.jpg 1024w, https:\/\/frankfurter-tafel.org\/wp-content\/uploads\/2024\/09\/Mitmachen-2-1-300x188.jpg 300w, https:\/\/frankfurter-tafel.org\/wp-content\/uploads\/2024\/09\/Mitmachen-2-1-768x482.jpg 768w, https:\/\/frankfurter-tafel.org\/wp-content\/uploads\/2024\/09\/Mitmachen-2-1-18x12.jpg 18w, https:\/\/frankfurter-tafel.org\/wp-content\/uploads\/2024\/09\/Mitmachen-2-1.jpg 1526w\" sizes=\"(max-width: 1024px) 100vw, 1024px\" \/>\t\t\t\t\t\t\t\t\t\t\t\t\t\t\t<\/div>\n\t\t\t\t<\/div>\n\t\t\t\t\t<\/div>\n\t\t<\/div>\n\t\t\t\t\t<\/div>\n\t\t<\/section>\n\t\t\t\t<\/div>","protected":false},"excerpt":{"rendered":"<p>Mitmachen Ehrenamt bei der Tafel Frankfurt Unsere 230 Ehrenamtlichen sind das Herzst\u00fcck der Tafel-Arbeit in Frankfurt am Main. Sie engagieren sich t\u00e4glich f\u00fcr unsere Mission und leisten einen unsch\u00e4tzbaren Beitrag. Werden Sie Teil einer der gr\u00f6\u00dften sozialen Bewegungen Deutschlands! Egal, ob Sie regelm\u00e4\u00dfig oder nur bei besonderen Veranstaltungen helfen m\u00f6chten \u2013 Ihre Unterst\u00fctzung ist wertvoll, [&hellip;]<\/p>\n","protected":false},"author":1,"featured_media":0,"parent":0,"menu_order":7,"comment_status":"closed","ping_status":"closed","template":"elementor_header_footer","meta":{"inline_featured_image":false,"ocean_post_layout":"","ocean_both_sidebars_style":"","ocean_both_sidebars_content_width":0,"ocean_both_sidebars_sidebars_width":0,"ocean_sidebar":"","ocean_second_sidebar":"","ocean_disable_margins":"enable","ocean_add_body_class":"","ocean_shortcode_before_top_bar":"","ocean_shortcode_after_top_bar":"","ocean_shortcode_before_header":"","ocean_shortcode_after_header":"","ocean_has_shortcode":"","ocean_shortcode_after_title":"","ocean_shortcode_before_footer_widgets":"","ocean_shortcode_after_footer_widgets":"","ocean_shortcode_before_footer_bottom":"","ocean_shortcode_after_footer_bottom":"","ocean_display_top_bar":"default","ocean_display_header":"default","ocean_header_style":"","ocean_center_header_left_menu":"","ocean_custom_header_template":"","ocean_custom_logo":0,"ocean_custom_retina_logo":0,"ocean_custom_logo_max_width":0,"ocean_custom_logo_tablet_max_width":0,"ocean_custom_logo_mobile_max_width":0,"ocean_custom_logo_max_height":0,"ocean_custom_logo_tablet_max_height":0,"ocean_custom_logo_mobile_max_height":0,"ocean_header_custom_menu":"","ocean_menu_typo_font_family":"","ocean_menu_typo_font_subset":"","ocean_menu_typo_font_size":0,"ocean_menu_typo_font_size_tablet":0,"ocean_menu_typo_font_size_mobile":0,"ocean_menu_typo_font_size_unit":"px","ocean_menu_typo_font_weight":"","ocean_menu_typo_font_weight_tablet":"","ocean_menu_typo_font_weight_mobile":"","ocean_menu_typo_transform":"","ocean_menu_typo_transform_tablet":"","ocean_menu_typo_transform_mobile":"","ocean_menu_typo_line_height":0,"ocean_menu_typo_line_height_tablet":0,"ocean_menu_typo_line_height_mobile":0,"ocean_menu_typo_line_height_unit":"","ocean_menu_typo_spacing":0,"ocean_menu_typo_spacing_tablet":0,"ocean_menu_typo_spacing_mobile":0,"ocean_menu_typo_spacing_unit":"","ocean_menu_link_color":"","ocean_menu_link_color_hover":"","ocean_menu_link_color_active":"","ocean_menu_link_background":"","ocean_menu_link_hover_background":"","ocean_menu_link_active_background":"","ocean_menu_social_links_bg":"","ocean_menu_social_hover_links_bg":"","ocean_menu_social_links_color":"","ocean_menu_social_hover_links_color":"","ocean_disable_title":"default","ocean_disable_heading":"default","ocean_post_title":"","ocean_post_subheading":"","ocean_post_title_style":"","ocean_post_title_background_color":"","ocean_post_title_background":0,"ocean_post_title_bg_image_position":"","ocean_post_title_bg_image_attachment":"","ocean_post_title_bg_image_repeat":"","ocean_post_title_bg_image_size":"","ocean_post_title_height":0,"ocean_post_title_bg_overlay":0.5,"ocean_post_title_bg_overlay_color":"","ocean_disable_breadcrumbs":"default","ocean_breadcrumbs_color":"","ocean_breadcrumbs_separator_color":"","ocean_breadcrumbs_links_color":"","ocean_breadcrumbs_links_hover_color":"","ocean_display_footer_widgets":"default","ocean_display_footer_bottom":"default","ocean_custom_footer_template":"","footnotes":""},"class_list":["post-231","page","type-page","status-publish","hentry","entry"],"_links":{"self":[{"href":"https:\/\/frankfurter-tafel.org\/en\/wp-json\/wp\/v2\/pages\/231","targetHints":{"allow":["GET"]}}],"collection":[{"href":"https:\/\/frankfurter-tafel.org\/en\/wp-json\/wp\/v2\/pages"}],"about":[{"href":"https:\/\/frankfurter-tafel.org\/en\/wp-json\/wp\/v2\/types\/page"}],"author":[{"embeddable":true,"href":"https:\/\/frankfurter-tafel.org\/en\/wp-json\/wp\/v2\/users\/1"}],"replies":[{"embeddable":true,"href":"https:\/\/frankfurter-tafel.org\/en\/wp-json\/wp\/v2\/comments?post=231"}],"version-history":[{"count":37,"href":"https:\/\/frankfurter-tafel.org\/en\/wp-json\/wp\/v2\/pages\/231\/revisions"}],"predecessor-version":[{"id":3289,"href":"https:\/\/frankfurter-tafel.org\/en\/wp-json\/wp\/v2\/pages\/231\/revisions\/3289"}],"wp:attachment":[{"href":"https:\/\/frankfurter-tafel.org\/en\/wp-json\/wp\/v2\/media?parent=231"}],"curies":[{"name":"wp","href":"https:\/\/api.w.org\/{rel}","templated":true}]}}