{"id":242,"date":"2023-09-12T11:37:32","date_gmt":"2023-09-12T09:37:32","guid":{"rendered":"http:\/\/192.168.1.152\/frankfurter-tafel\/?page_id=242"},"modified":"2025-04-22T18:04:25","modified_gmt":"2025-04-22T16:04:25","slug":"impressum","status":"publish","type":"page","link":"https:\/\/frankfurter-tafel.org\/en\/impressum\/","title":{"rendered":"Impressum"},"content":{"rendered":"<div data-elementor-type=\"wp-page\" data-elementor-id=\"242\" class=\"elementor elementor-242\">\n\t\t\t\t\t\t<section class=\"elementor-section elementor-top-section elementor-element elementor-element-117d681 elementor-section-boxed elementor-section-height-default elementor-section-height-default\" data-id=\"117d681\" data-element_type=\"section\" data-e-type=\"section\">\n\t\t\t\t\t\t<div class=\"elementor-container elementor-column-gap-default\">\n\t\t\t\t\t<div class=\"elementor-column elementor-col-100 elementor-top-column elementor-element elementor-element-40eaadf\" data-id=\"40eaadf\" data-element_type=\"column\" data-e-type=\"column\">\n\t\t\t<div class=\"elementor-widget-wrap elementor-element-populated\">\n\t\t\t\t\t\t<div class=\"elementor-element elementor-element-89d6dae elementor-widget elementor-widget-text-editor\" data-id=\"89d6dae\" data-element_type=\"widget\" data-e-type=\"widget\" data-widget_type=\"text-editor.default\">\n\t\t\t\t<div class=\"elementor-widget-container\">\n\t\t\t\t\t\t\t\t\t<h2>Herausgeber\/Dienstanbieter gem\u00e4\u00df \u00a7 5 TMG:<\/h2>\n<p>Frankfurter Tafel e.V.<br>Vilbeler Landstra\u00dfe 15<br>60386 Frankfurt am Main<\/p>\n<h2>Kontakt:<\/h2>\n<p>Telefon: 069 \u2013 4980825<br>Fax: 069 \u2013 435085<\/p>\n<h2>B\u00fcro\u00f6ffnungszeiten:<\/h2>\n<p>Montag \u2013 Freitag: 09:00 \u2013 16:00 Uhr<br>E-Mail: info@frankfurter-tafel.org<\/p>\n<h2>Bankverbindung:<\/h2>\n<p>Frankfurter Volksbank<br>Kontonummer: 77008926<br>BLZ: 50190000<br>IBAN: DE91 5019 0000 0077 0089 26<br>BIC: FFVBDEFF<\/p>\n<h2>Vertretungsberechtigte Vorstandsmitglieder:<\/h2>\n<ol>\n<li>Vorsitzender: Rainer H\u00e4usler<\/li>\n<li>Vorsitzende: Birgit Pangritz<\/li>\n<\/ol>\n<p>Schatzmeister: Peter Metz<br>Beisitzer: RA Florian Burggraf<\/p>\n<h2>Sitz des Vereins:<\/h2>\n<p>Frankfurt am Main<br><strong>Registergericht:<\/strong> Amtsgericht Frankfurt am Main<br><strong>Vereinsregister:<\/strong> VR 10663<\/p>\n<h2>Gemeinn\u00fctzige Anerkennung:<\/h2>\n<p>Die Frankfurter Tafel e.V. ist gem\u00e4\u00df der Anlage zum K\u00f6rperschaftsteuerbescheid 2021 des Finanzamts Frankfurt am Main vom 14.04.2021 als gemeinn\u00fctzig anerkannt.<\/p>\n<h2>Redaktionelle Verantwortung gem\u00e4\u00df \u00a7 55 Abs. 2 RStV:<\/h2>\n<p>Frankfurter Tafel e.V.<br>Rainer Juling<\/p>\n<h2>Urheberrecht:<\/h2>\n<p>Die Inhalte dieser Website sind urheberrechtlich gesch\u00fctzt. Alle Rechte vorbehalten. Jegliche Nutzung der Texte, Fotos und Abbildungen, auch in Ausz\u00fcgen, ist ohne vorherige schriftliche Genehmigung des Website-Betreibers nicht gestattet. Dies betrifft insbesondere Vervielf\u00e4ltigung, \u00dcbersetzung und Nutzung in elektronischen Systemen.<\/p>\n<p>Auf der Website k\u00f6nnen eingetragene Marken, Handelsnamen, Gebrauchsmuster und Logos verwendet werden. Auch wenn diese nicht ausdr\u00fccklich als solche gekennzeichnet sind, gelten die gesetzlichen Bestimmungen.<\/p>\n<h2>Haftungsausschluss:<\/h2>\n<p>Als Inhaltsanbieter nach \u00a7 8 Teledienstgesetz ist der Website-Betreiber f\u00fcr die eigenen Inhalte verantwortlich. Trotz sorgf\u00e4ltiger Pr\u00fcfung und laufender Aktualisierung kann keine Garantie f\u00fcr die Vollst\u00e4ndigkeit, Richtigkeit und Aktualit\u00e4t der Inhalte \u00fcbernommen werden. Der Betreiber haftet nicht f\u00fcr Sch\u00e4den, die aus der Nutzung der Inhalte resultieren.<\/p>\n<p>Die Website enth\u00e4lt Links zu externen Inhalten (\u201efremde Inhalte\u201c). Diese Links f\u00fchren zu Websites Dritter, f\u00fcr deren Inhalte der Betreiber nicht verantwortlich ist. Er \u00fcbernimmt keine Haftung f\u00fcr die Inhalte der verlinkten Seiten, da er weder deren \u00dcbermittlung veranlasst noch deren Inhalte<br>ausw\u00e4hlt oder ver\u00e4ndert. Auch eine vor\u00fcbergehende Speicherung dieser \u201efremden Inhalte\u201c erfolgt nicht.<\/p>\n<p>Links verweisen auf \u201elebende\u201c (dynamische) Internetauftritte. Der Betreiber \u00fcberpr\u00fcft die Inhalte bei erstmaliger Verkn\u00fcpfung auf m\u00f6gliche zivilrechtliche oder strafrechtliche Verantwortung.<\/p>\n<p>Er ist jedoch nicht verpflichtet, die verlinkten Inhalte kontinuierlich zu \u00fcberwachen. Bei Kenntnis von rechtswidrigen Inhalten wird der Link entfernt, soweit dies technisch m\u00f6glich und zumutbar ist.<\/p>\t\t\t\t\t\t\t\t<\/div>\n\t\t\t\t<\/div>\n\t\t\t\t\t<\/div>\n\t\t<\/div>\n\t\t\t\t\t<\/div>\n\t\t<\/section>\n\t\t\t\t<\/div>","protected":false},"excerpt":{"rendered":"<p>Herausgeber\/Dienstanbieter gem\u00e4\u00df \u00a7 5 TMG: Frankfurter Tafel e.V.Vilbeler Landstra\u00dfe 1560386 Frankfurt am Main Kontakt: Telefon: 069 \u2013 4980825Fax: 069 \u2013 435085 B\u00fcro\u00f6ffnungszeiten: Montag \u2013 Freitag: 09:00 \u2013 16:00 UhrE-Mail: info@frankfurter-tafel.org Bankverbindung: Frankfurter VolksbankKontonummer: 77008926BLZ: 50190000IBAN: DE91 5019 0000 0077 0089 26BIC: FFVBDEFF Vertretungsberechtigte Vorstandsmitglieder: Vorsitzender: Rainer H\u00e4usler Vorsitzende: Birgit Pangritz Schatzmeister: Peter MetzBeisitzer: RA Florian [&hellip;]<\/p>\n","protected":false},"author":1,"featured_media":0,"parent":0,"menu_order":9,"comment_status":"closed","ping_status":"closed","template":"elementor_header_footer","meta":{"inline_featured_image":false,"ocean_post_layout":"","ocean_both_sidebars_style":"","ocean_both_sidebars_content_width":0,"ocean_both_sidebars_sidebars_width":0,"ocean_sidebar":"","ocean_second_sidebar":"","ocean_disable_margins":"enable","ocean_add_body_class":"","ocean_shortcode_before_top_bar":"","ocean_shortcode_after_top_bar":"","ocean_shortcode_before_header":"","ocean_shortcode_after_header":"","ocean_has_shortcode":"","ocean_shortcode_after_title":"","ocean_shortcode_before_footer_widgets":"","ocean_shortcode_after_footer_widgets":"","ocean_shortcode_before_footer_bottom":"","ocean_shortcode_after_footer_bottom":"","ocean_display_top_bar":"default","ocean_display_header":"default","ocean_header_style":"","ocean_center_header_left_menu":"","ocean_custom_header_template":"","ocean_custom_logo":0,"ocean_custom_retina_logo":0,"ocean_custom_logo_max_width":0,"ocean_custom_logo_tablet_max_width":0,"ocean_custom_logo_mobile_max_width":0,"ocean_custom_logo_max_height":0,"ocean_custom_logo_tablet_max_height":0,"ocean_custom_logo_mobile_max_height":0,"ocean_header_custom_menu":"","ocean_menu_typo_font_family":"","ocean_menu_typo_font_subset":"","ocean_menu_typo_font_size":0,"ocean_menu_typo_font_size_tablet":0,"ocean_menu_typo_font_size_mobile":0,"ocean_menu_typo_font_size_unit":"px","ocean_menu_typo_font_weight":"","ocean_menu_typo_font_weight_tablet":"","ocean_menu_typo_font_weight_mobile":"","ocean_menu_typo_transform":"","ocean_menu_typo_transform_tablet":"","ocean_menu_typo_transform_mobile":"","ocean_menu_typo_line_height":0,"ocean_menu_typo_line_height_tablet":0,"ocean_menu_typo_line_height_mobile":0,"ocean_menu_typo_line_height_unit":"","ocean_menu_typo_spacing":0,"ocean_menu_typo_spacing_tablet":0,"ocean_menu_typo_spacing_mobile":0,"ocean_menu_typo_spacing_unit":"","ocean_menu_link_color":"","ocean_menu_link_color_hover":"","ocean_menu_link_color_active":"","ocean_menu_link_background":"","ocean_menu_link_hover_background":"","ocean_menu_link_active_background":"","ocean_menu_social_links_bg":"","ocean_menu_social_hover_links_bg":"","ocean_menu_social_links_color":"","ocean_menu_social_hover_links_color":"","ocean_disable_title":"default","ocean_disable_heading":"default","ocean_post_title":"","ocean_post_subheading":"","ocean_post_title_style":"","ocean_post_title_background_color":"","ocean_post_title_background":0,"ocean_post_title_bg_image_position":"","ocean_post_title_bg_image_attachment":"","ocean_post_title_bg_image_repeat":"","ocean_post_title_bg_image_size":"","ocean_post_title_height":0,"ocean_post_title_bg_overlay":0.5,"ocean_post_title_bg_overlay_color":"","ocean_disable_breadcrumbs":"default","ocean_breadcrumbs_color":"","ocean_breadcrumbs_separator_color":"","ocean_breadcrumbs_links_color":"","ocean_breadcrumbs_links_hover_color":"","ocean_display_footer_widgets":"default","ocean_display_footer_bottom":"default","ocean_custom_footer_template":"","footnotes":""},"class_list":["post-242","page","type-page","status-publish","hentry","entry"],"_links":{"self":[{"href":"https:\/\/frankfurter-tafel.org\/en\/wp-json\/wp\/v2\/pages\/242","targetHints":{"allow":["GET"]}}],"collection":[{"href":"https:\/\/frankfurter-tafel.org\/en\/wp-json\/wp\/v2\/pages"}],"about":[{"href":"https:\/\/frankfurter-tafel.org\/en\/wp-json\/wp\/v2\/types\/page"}],"author":[{"embeddable":true,"href":"https:\/\/frankfurter-tafel.org\/en\/wp-json\/wp\/v2\/users\/1"}],"replies":[{"embeddable":true,"href":"https:\/\/frankfurter-tafel.org\/en\/wp-json\/wp\/v2\/comments?post=242"}],"version-history":[{"count":48,"href":"https:\/\/frankfurter-tafel.org\/en\/wp-json\/wp\/v2\/pages\/242\/revisions"}],"predecessor-version":[{"id":3585,"href":"https:\/\/frankfurter-tafel.org\/en\/wp-json\/wp\/v2\/pages\/242\/revisions\/3585"}],"wp:attachment":[{"href":"https:\/\/frankfurter-tafel.org\/en\/wp-json\/wp\/v2\/media?parent=242"}],"curies":[{"name":"wp","href":"https:\/\/api.w.org\/{rel}","templated":true}]}}