{"id":2524,"date":"2024-08-07T10:20:06","date_gmt":"2024-08-07T08:20:06","guid":{"rendered":"https:\/\/tafel-fr-231208.studio-lib.de\/?page_id=2524"},"modified":"2024-09-19T14:11:47","modified_gmt":"2024-09-19T12:11:47","slug":"geld-spenden","status":"publish","type":"page","link":"https:\/\/frankfurter-tafel.org\/en\/spenden\/geld-spenden\/","title":{"rendered":"Geld spenden"},"content":{"rendered":"<div data-elementor-type=\"wp-page\" data-elementor-id=\"2524\" class=\"elementor elementor-2524\">\n\t\t\t\t\t\t<section class=\"elementor-section elementor-top-section elementor-element elementor-element-1bdb13d0 elementor-section-height-min-height elementor-section-boxed elementor-section-height-default elementor-section-items-middle\" data-id=\"1bdb13d0\" data-element_type=\"section\" data-e-type=\"section\" data-settings=\"{&quot;background_background&quot;:&quot;classic&quot;}\">\n\t\t\t\t\t\t<div class=\"elementor-container elementor-column-gap-default\">\n\t\t\t\t\t<div class=\"elementor-column elementor-col-100 elementor-top-column elementor-element elementor-element-492cd7ec\" data-id=\"492cd7ec\" data-element_type=\"column\" data-e-type=\"column\">\n\t\t\t<div class=\"elementor-widget-wrap\">\n\t\t\t\t\t\t\t<\/div>\n\t\t<\/div>\n\t\t\t\t\t<\/div>\n\t\t<\/section>\n\t\t\t\t<section class=\"elementor-section elementor-top-section elementor-element elementor-element-a769634 elementor-section-boxed elementor-section-height-default elementor-section-height-default\" data-id=\"a769634\" data-element_type=\"section\" data-e-type=\"section\">\n\t\t\t\t\t\t<div class=\"elementor-container elementor-column-gap-default\">\n\t\t\t\t\t<div class=\"elementor-column elementor-col-100 elementor-top-column elementor-element elementor-element-2f418191\" data-id=\"2f418191\" data-element_type=\"column\" data-e-type=\"column\">\n\t\t\t<div class=\"elementor-widget-wrap elementor-element-populated\">\n\t\t\t\t\t\t<div class=\"elementor-element elementor-element-51106056 elementor-widget elementor-widget-heading\" data-id=\"51106056\" data-element_type=\"widget\" data-e-type=\"widget\" data-widget_type=\"heading.default\">\n\t\t\t\t<div class=\"elementor-widget-container\">\n\t\t\t\t\t<h1 class=\"elementor-heading-title elementor-size-default\">Geldspenden f\u00fcr die Arbeit der Frankfurter Tafel<\/h1>\t\t\t\t<\/div>\n\t\t\t\t<\/div>\n\t\t\t\t<div class=\"elementor-element elementor-element-3d5d82e5 elementor-widget elementor-widget-text-editor\" data-id=\"3d5d82e5\" data-element_type=\"widget\" data-e-type=\"widget\" data-widget_type=\"text-editor.default\">\n\t\t\t\t<div class=\"elementor-widget-container\">\n\t\t\t\t\t\t\t\t\t<p><strong>Die Frankfurter Tafel freut sich \u00fcber alle gro\u00dfe und kleine Spenden!<\/strong><\/p><p>Die Kosten der Tafel-Arbeit k\u00f6nnen wir nur aus Spendengeldern bestreiten. Wir erhalten f\u00fcr unsere regelm\u00e4\u00dfige Arbeit keine \u00f6ffentlichen Gelder. Daher freuen wir uns \u00fcber Ihre Geldspende, und sei sie noch so klein!<\/p><p>Immer wieder gibt es auch gute Gelegenheiten, Geld f\u00fcr die Frankfurter Tafel zu sammeln. So bieten Jubil\u00e4en und Geburtstage einen Anlass, zu Spenden aufzurufen; Firmen k\u00f6nnen auf Weihnachtsgeschenke verzichten und stattdessen Geld stiften. Und selbst der traurige Anlass einer Beerdigung kann zu einer Bitte um Spenden genutzt werden. (Aus Datenschutzgr\u00fcnden d\u00fcrfen wir dem Organisator solcher Anlassspenden keine Aufstellung der einzelnen Spender mitteilen, sondern lediglich die Zahl der Spender und die erzielte Gesamtsumme.)<\/p><div><p><strong>Sie haben die M\u00f6glichkeiten Spenden zu \u00fcberweisen oder uns Ihre Spende \u00fcber Paypal zukommen zu lassen. Sie selbst entscheiden \u00fcber die H\u00f6he der Spende. Wir freuen uns \u00fcber jeden Betrag, egal ob es sich um EUR 15,-, um EUR 30,-, um EUR 50,- oder um einen kleineren oder h\u00f6heren Betrag handelt. Sie k\u00f6nnen ebenfalls entscheiden, ob Ihre Spende nur einmalig oder monatlich erfolgen soll.<\/strong><\/p><p>Spenden Sie f\u00fcr die Frankfurter Tafel direkt \u00fcber Ihr PayPal-Konto durch Klick auf den Button !<\/p><\/div>\t\t\t\t\t\t\t\t<\/div>\n\t\t\t\t<\/div>\n\t\t\t\t<div class=\"elementor-element elementor-element-126ae8f elementor-widget elementor-widget-text-editor\" data-id=\"126ae8f\" data-element_type=\"widget\" data-e-type=\"widget\" data-widget_type=\"text-editor.default\">\n\t\t\t\t<div class=\"elementor-widget-container\">\n\t\t\t\t\t\t\t\t\t<form style=\"text-align: center;\" action=\"https:\/\/www.paypal.com\/cgi-bin\/webscr\" method=\"post\" target=\"_blank\"><input name=\"cmd\" type=\"hidden\" value=\"_s-xclick\"> <input name=\"hosted_button_id\" type=\"hidden\" value=\"7FQZHVQEYDNWS\"> <input title=\"PayPal - The safer, easier way to pay online!\" alt=\"Donate with PayPal button\" name=\"submit\" src=\"https:\/\/www.paypalobjects.com\/de_DE\/DE\/i\/btn\/btn_donateCC_LG.gif\" type=\"image\"> <img decoding=\"async\" src=\"https:\/\/www.paypal.com\/de_DE\/i\/scr\/pixel.gif\" alt=\"\" width=\"1\" height=\"1\" border=\"0\" ihhbq26tm=\"\"><\/form>\t\t\t\t\t\t\t\t<\/div>\n\t\t\t\t<\/div>\n\t\t\t\t<div class=\"elementor-element elementor-element-26457a4 elementor-widget elementor-widget-text-editor\" data-id=\"26457a4\" data-element_type=\"widget\" data-e-type=\"widget\" data-widget_type=\"text-editor.default\">\n\t\t\t\t<div class=\"elementor-widget-container\">\n\t\t\t\t\t\t\t\t\t<p><strong style=\"font-size: 17px; letter-spacing: 0.02em; word-spacing: 0.1em; color: var( --e-global-color-text );\">Bankverbindung:<\/strong><\/p><div><p><strong>Frankfurter Volksbank<\/strong><br \/>Kto 77008926, BLZ 50190000<\/p><p>IBAN: DE91 5019 0000 0077 0089 26<br \/>BIC: FFVBDEFF<\/p><p><strong>Spendenbescheinigungen:<\/strong><br \/>*: Wir sind vom Finanzamt Frankfurt als gemeinn\u00fctzig anerkannt. Ihre Spende k\u00f6nnen Sie von der Steuer absetzen. Daf\u00fcr stellen wir auf Wunsch Spendenbescheinigungen aus. Dazu ist es notwendig, dass Sie Ihren Namen und Anschrift auf der \u00dcberweisung angeben oder uns parallel zur \u00dcberweisung per Mail mitteilen.\u00a0Bei monatlichen Zahlungen stellen wir Ihre Spendenbescheinigung sp\u00e4testens in den ersten drei Monaten des Folgejahres aus. Bitte warten Sie bei Nachfragen zur Spendenbescheinigung diese Fristen ab.<\/p><\/div>\t\t\t\t\t\t\t\t<\/div>\n\t\t\t\t<\/div>\n\t\t\t\t\t<\/div>\n\t\t<\/div>\n\t\t\t\t\t<\/div>\n\t\t<\/section>\n\t\t\t\t<section class=\"elementor-section elementor-top-section elementor-element elementor-element-0a569fc elementor-section-boxed elementor-section-height-default elementor-section-height-default\" data-id=\"0a569fc\" data-element_type=\"section\" data-e-type=\"section\">\n\t\t\t\t\t\t<div class=\"elementor-container elementor-column-gap-default\">\n\t\t\t\t\t<div class=\"elementor-column elementor-col-100 elementor-top-column elementor-element elementor-element-f995d79\" data-id=\"f995d79\" data-element_type=\"column\" data-e-type=\"column\">\n\t\t\t<div class=\"elementor-widget-wrap elementor-element-populated\">\n\t\t\t\t\t\t<div class=\"elementor-element elementor-element-0f179af elementor-widget elementor-widget-heading\" data-id=\"0f179af\" data-element_type=\"widget\" data-e-type=\"widget\" data-widget_type=\"heading.default\">\n\t\t\t\t<div class=\"elementor-widget-container\">\n\t\t\t\t\t<h1 class=\"elementor-heading-title elementor-size-default\">Spendenquittung<\/h1>\t\t\t\t<\/div>\n\t\t\t\t<\/div>\n\t\t\t\t<div class=\"elementor-element elementor-element-ddd15b6 elementor-widget elementor-widget-text-editor\" data-id=\"ddd15b6\" data-element_type=\"widget\" data-e-type=\"widget\" data-widget_type=\"text-editor.default\">\n\t\t\t\t<div class=\"elementor-widget-container\">\n\t\t\t\t\t\t\t\t\t<p style=\"font-variant-ligatures: normal; font-variant-caps: normal; font-family: Georgia, serif; font-size: 15px; font-style: normal; font-weight: 400;\">Wenn Sie eine Spendenquittung haben m\u00f6chten, schreiben Sie uns eine E-Mail an:<\/p>\n<p style=\"font-variant-ligatures: normal; font-variant-caps: normal; font-family: Georgia, serif; font-size: 15px; font-style: normal; font-weight: 400;\"><a style=\"font-size: 15px;\" href=\"mailto:spenden@frankfurter-tafel.org\">spenden@frankfurter-tafel.org<\/a><\/p>\t\t\t\t\t\t\t\t<\/div>\n\t\t\t\t<\/div>\n\t\t\t\t\t<\/div>\n\t\t<\/div>\n\t\t\t\t\t<\/div>\n\t\t<\/section>\n\t\t\t\t<\/div>","protected":false},"excerpt":{"rendered":"<p>Geldspenden f\u00fcr die Arbeit der Frankfurter Tafel Die Frankfurter Tafel freut sich \u00fcber alle gro\u00dfe und kleine Spenden! Die Kosten der Tafel-Arbeit k\u00f6nnen wir nur aus Spendengeldern bestreiten. Wir erhalten f\u00fcr unsere regelm\u00e4\u00dfige Arbeit keine \u00f6ffentlichen Gelder. Daher freuen wir uns \u00fcber Ihre Geldspende, und sei sie noch so klein! Immer wieder gibt es auch [&hellip;]<\/p>\n","protected":false},"author":1,"featured_media":0,"parent":210,"menu_order":1,"comment_status":"closed","ping_status":"closed","template":"elementor_header_footer","meta":{"inline_featured_image":false,"ocean_post_layout":"","ocean_both_sidebars_style":"","ocean_both_sidebars_content_width":0,"ocean_both_sidebars_sidebars_width":0,"ocean_sidebar":"","ocean_second_sidebar":"","ocean_disable_margins":"enable","ocean_add_body_class":"","ocean_shortcode_before_top_bar":"","ocean_shortcode_after_top_bar":"","ocean_shortcode_before_header":"","ocean_shortcode_after_header":"","ocean_has_shortcode":"","ocean_shortcode_after_title":"","ocean_shortcode_before_footer_widgets":"","ocean_shortcode_after_footer_widgets":"","ocean_shortcode_before_footer_bottom":"","ocean_shortcode_after_footer_bottom":"","ocean_display_top_bar":"default","ocean_display_header":"default","ocean_header_style":"","ocean_center_header_left_menu":"","ocean_custom_header_template":"","ocean_custom_logo":0,"ocean_custom_retina_logo":0,"ocean_custom_logo_max_width":0,"ocean_custom_logo_tablet_max_width":0,"ocean_custom_logo_mobile_max_width":0,"ocean_custom_logo_max_height":0,"ocean_custom_logo_tablet_max_height":0,"ocean_custom_logo_mobile_max_height":0,"ocean_header_custom_menu":"","ocean_menu_typo_font_family":"","ocean_menu_typo_font_subset":"","ocean_menu_typo_font_size":0,"ocean_menu_typo_font_size_tablet":0,"ocean_menu_typo_font_size_mobile":0,"ocean_menu_typo_font_size_unit":"px","ocean_menu_typo_font_weight":"","ocean_menu_typo_font_weight_tablet":"","ocean_menu_typo_font_weight_mobile":"","ocean_menu_typo_transform":"","ocean_menu_typo_transform_tablet":"","ocean_menu_typo_transform_mobile":"","ocean_menu_typo_line_height":0,"ocean_menu_typo_line_height_tablet":0,"ocean_menu_typo_line_height_mobile":0,"ocean_menu_typo_line_height_unit":"","ocean_menu_typo_spacing":0,"ocean_menu_typo_spacing_tablet":0,"ocean_menu_typo_spacing_mobile":0,"ocean_menu_typo_spacing_unit":"","ocean_menu_link_color":"","ocean_menu_link_color_hover":"","ocean_menu_link_color_active":"","ocean_menu_link_background":"","ocean_menu_link_hover_background":"","ocean_menu_link_active_background":"","ocean_menu_social_links_bg":"","ocean_menu_social_hover_links_bg":"","ocean_menu_social_links_color":"","ocean_menu_social_hover_links_color":"","ocean_disable_title":"default","ocean_disable_heading":"default","ocean_post_title":"","ocean_post_subheading":"","ocean_post_title_style":"","ocean_post_title_background_color":"","ocean_post_title_background":0,"ocean_post_title_bg_image_position":"","ocean_post_title_bg_image_attachment":"","ocean_post_title_bg_image_repeat":"","ocean_post_title_bg_image_size":"","ocean_post_title_height":0,"ocean_post_title_bg_overlay":0.5,"ocean_post_title_bg_overlay_color":"","ocean_disable_breadcrumbs":"default","ocean_breadcrumbs_color":"","ocean_breadcrumbs_separator_color":"","ocean_breadcrumbs_links_color":"","ocean_breadcrumbs_links_hover_color":"","ocean_display_footer_widgets":"default","ocean_display_footer_bottom":"default","ocean_custom_footer_template":"","footnotes":""},"class_list":["post-2524","page","type-page","status-publish","hentry","entry"],"_links":{"self":[{"href":"https:\/\/frankfurter-tafel.org\/en\/wp-json\/wp\/v2\/pages\/2524","targetHints":{"allow":["GET"]}}],"collection":[{"href":"https:\/\/frankfurter-tafel.org\/en\/wp-json\/wp\/v2\/pages"}],"about":[{"href":"https:\/\/frankfurter-tafel.org\/en\/wp-json\/wp\/v2\/types\/page"}],"author":[{"embeddable":true,"href":"https:\/\/frankfurter-tafel.org\/en\/wp-json\/wp\/v2\/users\/1"}],"replies":[{"embeddable":true,"href":"https:\/\/frankfurter-tafel.org\/en\/wp-json\/wp\/v2\/comments?post=2524"}],"version-history":[{"count":17,"href":"https:\/\/frankfurter-tafel.org\/en\/wp-json\/wp\/v2\/pages\/2524\/revisions"}],"predecessor-version":[{"id":3268,"href":"https:\/\/frankfurter-tafel.org\/en\/wp-json\/wp\/v2\/pages\/2524\/revisions\/3268"}],"up":[{"embeddable":true,"href":"https:\/\/frankfurter-tafel.org\/en\/wp-json\/wp\/v2\/pages\/210"}],"wp:attachment":[{"href":"https:\/\/frankfurter-tafel.org\/en\/wp-json\/wp\/v2\/media?parent=2524"}],"curies":[{"name":"wp","href":"https:\/\/api.w.org\/{rel}","templated":true}]}}