{"id":2526,"date":"2024-08-07T10:20:16","date_gmt":"2024-08-07T08:20:16","guid":{"rendered":"https:\/\/tafel-fr-231208.studio-lib.de\/?page_id=2526"},"modified":"2026-01-21T08:27:39","modified_gmt":"2026-01-21T07:27:39","slug":"lebensmittel-spenden","status":"publish","type":"page","link":"https:\/\/frankfurter-tafel.org\/en\/spenden\/lebensmittel-spenden\/","title":{"rendered":"Lebensmittel spenden"},"content":{"rendered":"<div data-elementor-type=\"wp-page\" data-elementor-id=\"2526\" class=\"elementor elementor-2526\">\n\t\t\t\t\t\t<section class=\"elementor-section elementor-top-section elementor-element elementor-element-1bdb13d0 elementor-section-height-min-height elementor-section-boxed elementor-section-height-default elementor-section-items-middle\" data-id=\"1bdb13d0\" data-element_type=\"section\" data-e-type=\"section\" data-settings=\"{&quot;background_background&quot;:&quot;classic&quot;}\">\n\t\t\t\t\t\t<div class=\"elementor-container elementor-column-gap-default\">\n\t\t\t\t\t<div class=\"elementor-column elementor-col-100 elementor-top-column elementor-element elementor-element-492cd7ec\" data-id=\"492cd7ec\" data-element_type=\"column\" data-e-type=\"column\">\n\t\t\t<div class=\"elementor-widget-wrap\">\n\t\t\t\t\t\t\t<\/div>\n\t\t<\/div>\n\t\t\t\t\t<\/div>\n\t\t<\/section>\n\t\t\t\t<section class=\"elementor-section elementor-top-section elementor-element elementor-element-1ad5999 elementor-section-boxed elementor-section-height-default elementor-section-height-default\" data-id=\"1ad5999\" data-element_type=\"section\" data-e-type=\"section\">\n\t\t\t\t\t\t<div class=\"elementor-container elementor-column-gap-default\">\n\t\t\t\t\t<div class=\"elementor-column elementor-col-100 elementor-top-column elementor-element elementor-element-19157c5\" data-id=\"19157c5\" data-element_type=\"column\" data-e-type=\"column\">\n\t\t\t<div class=\"elementor-widget-wrap elementor-element-populated\">\n\t\t\t\t\t\t<div class=\"elementor-element elementor-element-48bd4a7 elementor-widget elementor-widget-heading\" data-id=\"48bd4a7\" data-element_type=\"widget\" data-e-type=\"widget\" data-widget_type=\"heading.default\">\n\t\t\t\t<div class=\"elementor-widget-container\">\n\t\t\t\t\t<h1 class=\"elementor-heading-title elementor-size-default\">Frankfurter Tafel e.V. bittet um Spenden<\/h1>\t\t\t\t<\/div>\n\t\t\t\t<\/div>\n\t\t\t\t<div class=\"elementor-element elementor-element-9b12aac elementor-widget elementor-widget-text-editor\" data-id=\"9b12aac\" data-element_type=\"widget\" data-e-type=\"widget\" data-widget_type=\"text-editor.default\">\n\t\t\t\t<div class=\"elementor-widget-container\">\n\t\t\t\t\t\t\t\t\t<div id=\"container_maincontent_bg\" data-stellar-background-ratio=\"0.5\">\n<div id=\"container_main\" class=\"jl_container\">\n<div class=\"wrapper960\">\n<div id=\"main\" class=\"block_holder\">\n<div id=\"content_full\">\n<div class=\"maincontent\">\n<div class=\"message\">\n<div id=\"system-message-container\">Wir helfen gerne, aber ohne die Unterst\u00fctzung der Frankfurter Mitb\u00fcrger\/innen geht es nicht! Unser Lager ist leer und ca. 22.000 bed\u00fcrftige Mitmenschen brauchen uns.<\/div>\n<\/div>\n<div class=\"item-page\">\n<p>Die Spendenbereitschaft f\u00fcr die Ukraine ist nat\u00fcrlich wichtig und toll, leider werden hierbei die Probleme vor der Haust\u00fcr unbewusst vergessen. Die Lebensmittelspenden f\u00fcr die Frankfurter Tafel sind um ca. 80 % zur\u00fcckgegangen. Gleichzeitig haben wir monatlich ca. 8.000,&#8211; \u20ac Spritkosten.<\/p>\n<p>Die Frankfurter Tafel finanziert sich zu 100 % nur von Spenden, ohne jegliche Unterst\u00fctzung der Stadt Frankfurt. Wir unterst\u00fctzen monatlich 15.000 bed\u00fcrftige Mitb\u00fcrger\/innen \u00fcber unsere Lebensmittelausgabestellen und ca. 12.000 Bed\u00fcrftige in 56 sozialen Einrichtungen, und nur mit Ihrer Hilfe k\u00f6nnen wir dies weiterhin leisten.<\/p>\n<p><strong>Deshalb bitten wir um Lebensmittelspenden f\u00fcr die Frankfurter Tafel e.V..<\/strong><\/p>\n<p>Montags bis freitags zwischen 08:00 Uhr und 15:00 Uhr in der Vilbeler Landstr. 15 60386 Frankfurt<\/p>\n<\/div>\n<\/div>\n<\/div>\n<\/div>\n<\/div>\n<\/div>\n<\/div>\t\t\t\t\t\t\t\t<\/div>\n\t\t\t\t<\/div>\n\t\t\t\t\t<\/div>\n\t\t<\/div>\n\t\t\t\t\t<\/div>\n\t\t<\/section>\n\t\t\t\t<\/div>","protected":false},"excerpt":{"rendered":"<p>Frankfurter Tafel e.V. bittet um Spenden Wir helfen gerne, aber ohne die Unterst\u00fctzung der Frankfurter Mitb\u00fcrger\/innen geht es nicht! Unser Lager ist leer und ca. 22.000 bed\u00fcrftige Mitmenschen brauchen uns. Die Spendenbereitschaft f\u00fcr die Ukraine ist nat\u00fcrlich wichtig und toll, leider werden hierbei die Probleme vor der Haust\u00fcr unbewusst vergessen. Die Lebensmittelspenden f\u00fcr die Frankfurter [&hellip;]<\/p>\n","protected":false},"author":1,"featured_media":0,"parent":210,"menu_order":2,"comment_status":"closed","ping_status":"closed","template":"elementor_header_footer","meta":{"inline_featured_image":false,"ocean_post_layout":"","ocean_both_sidebars_style":"","ocean_both_sidebars_content_width":0,"ocean_both_sidebars_sidebars_width":0,"ocean_sidebar":"","ocean_second_sidebar":"","ocean_disable_margins":"enable","ocean_add_body_class":"","ocean_shortcode_before_top_bar":"","ocean_shortcode_after_top_bar":"","ocean_shortcode_before_header":"","ocean_shortcode_after_header":"","ocean_has_shortcode":"","ocean_shortcode_after_title":"","ocean_shortcode_before_footer_widgets":"","ocean_shortcode_after_footer_widgets":"","ocean_shortcode_before_footer_bottom":"","ocean_shortcode_after_footer_bottom":"","ocean_display_top_bar":"default","ocean_display_header":"default","ocean_header_style":"","ocean_center_header_left_menu":"","ocean_custom_header_template":"","ocean_custom_logo":0,"ocean_custom_retina_logo":0,"ocean_custom_logo_max_width":0,"ocean_custom_logo_tablet_max_width":0,"ocean_custom_logo_mobile_max_width":0,"ocean_custom_logo_max_height":0,"ocean_custom_logo_tablet_max_height":0,"ocean_custom_logo_mobile_max_height":0,"ocean_header_custom_menu":"","ocean_menu_typo_font_family":"","ocean_menu_typo_font_subset":"","ocean_menu_typo_font_size":0,"ocean_menu_typo_font_size_tablet":0,"ocean_menu_typo_font_size_mobile":0,"ocean_menu_typo_font_size_unit":"px","ocean_menu_typo_font_weight":"","ocean_menu_typo_font_weight_tablet":"","ocean_menu_typo_font_weight_mobile":"","ocean_menu_typo_transform":"","ocean_menu_typo_transform_tablet":"","ocean_menu_typo_transform_mobile":"","ocean_menu_typo_line_height":0,"ocean_menu_typo_line_height_tablet":0,"ocean_menu_typo_line_height_mobile":0,"ocean_menu_typo_line_height_unit":"","ocean_menu_typo_spacing":0,"ocean_menu_typo_spacing_tablet":0,"ocean_menu_typo_spacing_mobile":0,"ocean_menu_typo_spacing_unit":"","ocean_menu_link_color":"","ocean_menu_link_color_hover":"","ocean_menu_link_color_active":"","ocean_menu_link_background":"","ocean_menu_link_hover_background":"","ocean_menu_link_active_background":"","ocean_menu_social_links_bg":"","ocean_menu_social_hover_links_bg":"","ocean_menu_social_links_color":"","ocean_menu_social_hover_links_color":"","ocean_disable_title":"default","ocean_disable_heading":"default","ocean_post_title":"","ocean_post_subheading":"","ocean_post_title_style":"","ocean_post_title_background_color":"","ocean_post_title_background":0,"ocean_post_title_bg_image_position":"","ocean_post_title_bg_image_attachment":"","ocean_post_title_bg_image_repeat":"","ocean_post_title_bg_image_size":"","ocean_post_title_height":0,"ocean_post_title_bg_overlay":0.5,"ocean_post_title_bg_overlay_color":"","ocean_disable_breadcrumbs":"default","ocean_breadcrumbs_color":"","ocean_breadcrumbs_separator_color":"","ocean_breadcrumbs_links_color":"","ocean_breadcrumbs_links_hover_color":"","ocean_display_footer_widgets":"default","ocean_display_footer_bottom":"default","ocean_custom_footer_template":"","footnotes":""},"class_list":["post-2526","page","type-page","status-publish","hentry","entry"],"_links":{"self":[{"href":"https:\/\/frankfurter-tafel.org\/en\/wp-json\/wp\/v2\/pages\/2526","targetHints":{"allow":["GET"]}}],"collection":[{"href":"https:\/\/frankfurter-tafel.org\/en\/wp-json\/wp\/v2\/pages"}],"about":[{"href":"https:\/\/frankfurter-tafel.org\/en\/wp-json\/wp\/v2\/types\/page"}],"author":[{"embeddable":true,"href":"https:\/\/frankfurter-tafel.org\/en\/wp-json\/wp\/v2\/users\/1"}],"replies":[{"embeddable":true,"href":"https:\/\/frankfurter-tafel.org\/en\/wp-json\/wp\/v2\/comments?post=2526"}],"version-history":[{"count":19,"href":"https:\/\/frankfurter-tafel.org\/en\/wp-json\/wp\/v2\/pages\/2526\/revisions"}],"predecessor-version":[{"id":3744,"href":"https:\/\/frankfurter-tafel.org\/en\/wp-json\/wp\/v2\/pages\/2526\/revisions\/3744"}],"up":[{"embeddable":true,"href":"https:\/\/frankfurter-tafel.org\/en\/wp-json\/wp\/v2\/pages\/210"}],"wp:attachment":[{"href":"https:\/\/frankfurter-tafel.org\/en\/wp-json\/wp\/v2\/media?parent=2526"}],"curies":[{"name":"wp","href":"https:\/\/api.w.org\/{rel}","templated":true}]}}