{"id":2588,"date":"2024-08-27T10:13:03","date_gmt":"2024-08-27T08:13:03","guid":{"rendered":"https:\/\/tafel-fr-231208.studio-lib.de\/?page_id=2588"},"modified":"2024-08-29T10:54:12","modified_gmt":"2024-08-29T08:54:12","slug":"projekte","status":"publish","type":"page","link":"https:\/\/frankfurter-tafel.org\/en\/projekte\/","title":{"rendered":"Projects"},"content":{"rendered":"<div data-elementor-type=\"wp-page\" data-elementor-id=\"2588\" class=\"elementor elementor-2588\">\n\t\t\t\t\t\t<section class=\"elementor-section elementor-top-section elementor-element elementor-element-69227f75 elementor-section-height-min-height elementor-section-stretched elementor-section-boxed elementor-section-height-default elementor-section-items-middle\" data-id=\"69227f75\" data-element_type=\"section\" data-e-type=\"section\" data-settings=\"{&quot;background_background&quot;:&quot;classic&quot;,&quot;stretch_section&quot;:&quot;section-stretched&quot;}\">\n\t\t\t\t\t\t<div class=\"elementor-container elementor-column-gap-default\">\n\t\t\t\t\t<div class=\"elementor-column elementor-col-100 elementor-top-column elementor-element elementor-element-231a5845\" data-id=\"231a5845\" data-element_type=\"column\" data-e-type=\"column\">\n\t\t\t<div class=\"elementor-widget-wrap\">\n\t\t\t\t\t\t\t<\/div>\n\t\t<\/div>\n\t\t\t\t\t<\/div>\n\t\t<\/section>\n\t\t\t\t<section class=\"elementor-section elementor-top-section elementor-element elementor-element-418d1d6f elementor-section-boxed elementor-section-height-default elementor-section-height-default\" data-id=\"418d1d6f\" data-element_type=\"section\" data-e-type=\"section\">\n\t\t\t\t\t\t<div class=\"elementor-container elementor-column-gap-default\">\n\t\t\t\t\t<div class=\"elementor-column elementor-col-100 elementor-top-column elementor-element elementor-element-54ea2968\" data-id=\"54ea2968\" data-element_type=\"column\" data-e-type=\"column\">\n\t\t\t<div class=\"elementor-widget-wrap elementor-element-populated\">\n\t\t\t\t\t\t<div class=\"elementor-element elementor-element-665e1a16 elementor-widget elementor-widget-heading\" data-id=\"665e1a16\" data-element_type=\"widget\" data-e-type=\"widget\" data-widget_type=\"heading.default\">\n\t\t\t\t<div class=\"elementor-widget-container\">\n\t\t\t\t\t<h1 class=\"elementor-heading-title elementor-size-default\">Projects<\/h1>\t\t\t\t<\/div>\n\t\t\t\t<\/div>\n\t\t\t\t<div class=\"elementor-element elementor-element-a289773 elementor-widget elementor-widget-text-editor\" data-id=\"a289773\" data-element_type=\"widget\" data-e-type=\"widget\" data-widget_type=\"text-editor.default\">\n\t\t\t\t<div class=\"elementor-widget-container\">\n\t\t\t\t\t\t\t\t\t<p>Die Frankfurter Tafel engagiert sich intensiv in der Zusammenarbeit mit Schulen in Frankfurt, um sozial schw\u00e4cher gestellten Kindern und Jugendlichen eine ausgewogene Ern\u00e4hrung zu erm\u00f6glichen. In diesem Rahmen werden Lebensmittelspenden direkt an Schulen verteilt. Dar\u00fcber hinaus f\u00fchrt die Tafel Bildungsprojekte durch, die das Bewusstsein der Sch\u00fcler f\u00fcr Lebensmittelverschwendung und Armut sch\u00e4rfen sollen. Diese Projekte sind darauf ausgelegt, jungen Menschen die Bedeutung von Nachhaltigkeit und sozialer Verantwortung n\u00e4herzubringen.<\/p><p>Zus\u00e4tzlich organisiert die Frankfurter Tafel regelm\u00e4\u00dfig Aktionstage und Events, um auf ihre wichtige Arbeit aufmerksam zu machen und zus\u00e4tzliche Spenden zu sammeln. Ein Beispiel daf\u00fcr sind die j\u00e4hrlichen Weihnachtssammlungen, bei denen Nahrungsmittel und Geldspenden f\u00fcr Bed\u00fcrftige zusammengetragen werden. Auch Benefizveranstaltungen geh\u00f6ren zu den Aktionen, die die Tafel ins Leben ruft, um ihre Projekte zu unterst\u00fctzen und Menschen f\u00fcr den guten Zweck zu mobilisieren.<\/p><p>Ein weiteres zentrales Element ihrer Arbeit ist die enge Kooperation mit verschiedenen sozialen Einrichtungen, wie Suppenk\u00fcchen, Obdachlosenunterk\u00fcnften und Fl\u00fcchtlingshilfsorganisationen. Gemeinsam mit diesen Partnern stellt die Tafel sicher, dass Lebensmittel gerecht verteilt werden und den Menschen zugutekommen, die sie am dringendsten ben\u00f6tigen. Diese Zusammenarbeit tr\u00e4gt dazu bei, die Lebensqualit\u00e4t von Bed\u00fcrftigen zu verbessern und ihnen ein St\u00fcck W\u00fcrde zur\u00fcckzugeben.<\/p><p>Neben der praktischen Hilfe durch Lebensmittelverteilung legt die Frankfurter Tafel gro\u00dfen Wert auf Bildungs- und Aufkl\u00e4rungsarbeit. Durch Vortr\u00e4ge, Workshops und andere Bildungsangebote wird das Thema Lebensmittelverschwendung in den \u00f6ffentlichen Fokus ger\u00fcckt. Das Ziel dieser Aufkl\u00e4rung ist es, das Bewusstsein der Gesellschaft f\u00fcr die dr\u00e4ngenden sozialen und \u00f6kologischen Herausforderungen zu st\u00e4rken und zu einer nachhaltigeren Lebensweise beizutragen.<\/p>\t\t\t\t\t\t\t\t<\/div>\n\t\t\t\t<\/div>\n\t\t\t\t\t<\/div>\n\t\t<\/div>\n\t\t\t\t\t<\/div>\n\t\t<\/section>\n\t\t\t\t<\/div>","protected":false},"excerpt":{"rendered":"<p>Projekte Die Frankfurter Tafel engagiert sich intensiv in der Zusammenarbeit mit Schulen in Frankfurt, um sozial schw\u00e4cher gestellten Kindern und Jugendlichen eine ausgewogene Ern\u00e4hrung zu erm\u00f6glichen. In diesem Rahmen werden Lebensmittelspenden direkt an Schulen verteilt. Dar\u00fcber hinaus f\u00fchrt die Tafel Bildungsprojekte durch, die das Bewusstsein der Sch\u00fcler f\u00fcr Lebensmittelverschwendung und Armut sch\u00e4rfen sollen. Diese Projekte [&hellip;]<\/p>\n","protected":false},"author":1,"featured_media":0,"parent":0,"menu_order":6,"comment_status":"closed","ping_status":"closed","template":"elementor_header_footer","meta":{"inline_featured_image":false,"ocean_post_layout":"","ocean_both_sidebars_style":"","ocean_both_sidebars_content_width":0,"ocean_both_sidebars_sidebars_width":0,"ocean_sidebar":"","ocean_second_sidebar":"","ocean_disable_margins":"enable","ocean_add_body_class":"","ocean_shortcode_before_top_bar":"","ocean_shortcode_after_top_bar":"","ocean_shortcode_before_header":"","ocean_shortcode_after_header":"","ocean_has_shortcode":"","ocean_shortcode_after_title":"","ocean_shortcode_before_footer_widgets":"","ocean_shortcode_after_footer_widgets":"","ocean_shortcode_before_footer_bottom":"","ocean_shortcode_after_footer_bottom":"","ocean_display_top_bar":"default","ocean_display_header":"default","ocean_header_style":"","ocean_center_header_left_menu":"","ocean_custom_header_template":"","ocean_custom_logo":0,"ocean_custom_retina_logo":0,"ocean_custom_logo_max_width":0,"ocean_custom_logo_tablet_max_width":0,"ocean_custom_logo_mobile_max_width":0,"ocean_custom_logo_max_height":0,"ocean_custom_logo_tablet_max_height":0,"ocean_custom_logo_mobile_max_height":0,"ocean_header_custom_menu":"","ocean_menu_typo_font_family":"","ocean_menu_typo_font_subset":"","ocean_menu_typo_font_size":0,"ocean_menu_typo_font_size_tablet":0,"ocean_menu_typo_font_size_mobile":0,"ocean_menu_typo_font_size_unit":"px","ocean_menu_typo_font_weight":"","ocean_menu_typo_font_weight_tablet":"","ocean_menu_typo_font_weight_mobile":"","ocean_menu_typo_transform":"","ocean_menu_typo_transform_tablet":"","ocean_menu_typo_transform_mobile":"","ocean_menu_typo_line_height":0,"ocean_menu_typo_line_height_tablet":0,"ocean_menu_typo_line_height_mobile":0,"ocean_menu_typo_line_height_unit":"","ocean_menu_typo_spacing":0,"ocean_menu_typo_spacing_tablet":0,"ocean_menu_typo_spacing_mobile":0,"ocean_menu_typo_spacing_unit":"","ocean_menu_link_color":"","ocean_menu_link_color_hover":"","ocean_menu_link_color_active":"","ocean_menu_link_background":"","ocean_menu_link_hover_background":"","ocean_menu_link_active_background":"","ocean_menu_social_links_bg":"","ocean_menu_social_hover_links_bg":"","ocean_menu_social_links_color":"","ocean_menu_social_hover_links_color":"","ocean_disable_title":"default","ocean_disable_heading":"default","ocean_post_title":"","ocean_post_subheading":"","ocean_post_title_style":"","ocean_post_title_background_color":"","ocean_post_title_background":0,"ocean_post_title_bg_image_position":"","ocean_post_title_bg_image_attachment":"","ocean_post_title_bg_image_repeat":"","ocean_post_title_bg_image_size":"","ocean_post_title_height":0,"ocean_post_title_bg_overlay":0.5,"ocean_post_title_bg_overlay_color":"","ocean_disable_breadcrumbs":"default","ocean_breadcrumbs_color":"","ocean_breadcrumbs_separator_color":"","ocean_breadcrumbs_links_color":"","ocean_breadcrumbs_links_hover_color":"","ocean_display_footer_widgets":"default","ocean_display_footer_bottom":"default","ocean_custom_footer_template":"","footnotes":""},"class_list":["post-2588","page","type-page","status-publish","hentry","entry"],"_links":{"self":[{"href":"https:\/\/frankfurter-tafel.org\/en\/wp-json\/wp\/v2\/pages\/2588","targetHints":{"allow":["GET"]}}],"collection":[{"href":"https:\/\/frankfurter-tafel.org\/en\/wp-json\/wp\/v2\/pages"}],"about":[{"href":"https:\/\/frankfurter-tafel.org\/en\/wp-json\/wp\/v2\/types\/page"}],"author":[{"embeddable":true,"href":"https:\/\/frankfurter-tafel.org\/en\/wp-json\/wp\/v2\/users\/1"}],"replies":[{"embeddable":true,"href":"https:\/\/frankfurter-tafel.org\/en\/wp-json\/wp\/v2\/comments?post=2588"}],"version-history":[{"count":19,"href":"https:\/\/frankfurter-tafel.org\/en\/wp-json\/wp\/v2\/pages\/2588\/revisions"}],"predecessor-version":[{"id":2863,"href":"https:\/\/frankfurter-tafel.org\/en\/wp-json\/wp\/v2\/pages\/2588\/revisions\/2863"}],"wp:attachment":[{"href":"https:\/\/frankfurter-tafel.org\/en\/wp-json\/wp\/v2\/media?parent=2588"}],"curies":[{"name":"wp","href":"https:\/\/api.w.org\/{rel}","templated":true}]}}