{"id":3000,"date":"2024-09-03T09:48:13","date_gmt":"2024-09-03T07:48:13","guid":{"rendered":"https:\/\/tafel-fr-231208.studio-lib.de\/?page_id=3000"},"modified":"2024-09-03T12:03:20","modified_gmt":"2024-09-03T10:03:20","slug":"datenschutzerklaerung","status":"publish","type":"page","link":"https:\/\/frankfurter-tafel.org\/en\/datenschutzerklaerung\/","title":{"rendered":"Datenschutzerkl\u00e4rung"},"content":{"rendered":"<div data-elementor-type=\"wp-page\" data-elementor-id=\"3000\" class=\"elementor elementor-3000\">\n\t\t\t\t\t\t<section class=\"elementor-section elementor-top-section elementor-element elementor-element-117d681 elementor-section-boxed elementor-section-height-default elementor-section-height-default\" data-id=\"117d681\" data-element_type=\"section\" data-e-type=\"section\">\n\t\t\t\t\t\t<div class=\"elementor-container elementor-column-gap-default\">\n\t\t\t\t\t<div class=\"elementor-column elementor-col-100 elementor-top-column elementor-element elementor-element-40eaadf\" data-id=\"40eaadf\" data-element_type=\"column\" data-e-type=\"column\">\n\t\t\t<div class=\"elementor-widget-wrap elementor-element-populated\">\n\t\t\t\t\t\t<div class=\"elementor-element elementor-element-89d6dae elementor-widget elementor-widget-text-editor\" data-id=\"89d6dae\" data-element_type=\"widget\" data-e-type=\"widget\" data-widget_type=\"text-editor.default\">\n\t\t\t\t<div class=\"elementor-widget-container\">\n\t\t\t\t\t\t\t\t\t<p>Datenschutzerkl\u00e4rung f\u00fcr unser Onlineangebot gem\u00e4\u00df EU-DSGVO<\/p><h2>1.) Datenschutz im \u00dcberblick<\/h2><p><strong>Allgemeine Hinweise<\/strong><br \/>Diese Datenschutzerkl\u00e4rung informiert Sie \u00fcber die Art, den Umfang und den Zweck der Verarbeitung personenbezogener Daten innerhalb unseres Onlineangebotes und der damit verbundenen Webseiten, Funktionen und Inhalte sowie \u00fcber Ihre Rechte gem\u00e4\u00df der Datenschutz-Grundverordnung (DSGVO). Personenbezogene Daten sind alle Informationen, die eine Identifizierung einer Person erm\u00f6glichen (Art. 4 Nr. 1 DSGVO).<\/p><p><strong>Datenerfassung im Rahmen unserer Gesch\u00e4ftst\u00e4tigkeit<\/strong><\/p><p><strong>Vertragsdaten<\/strong><br \/>Wir erheben, verarbeiten und speichern die Daten, die Sie uns bei einer Bestellung oder Auftragsabwicklung mitteilen. Dies umfasst:<\/p><ul><li>Bestandsdaten (z. B. Name, Adresse)<\/li><li>Kontaktdaten (z. B. E-Mail-Adresse, Telefonnummer)<\/li><li>Inhaltsdaten (z. B. Texteingaben, Fotos, Videos)<\/li><li>Nutzungsdaten (z. B. besuchte Webseiten, Interessen)<\/li><li>Meta-\/Kommunikationsdaten (z. B. Ger\u00e4te-Informationen, IP-Adressen)<\/li><\/ul><p><strong>Gesch\u00e4ftliche Informationen<\/strong><br \/>Mit Ihrer ausdr\u00fccklichen Zustimmung nutzen wir Ihre Daten f\u00fcr gesch\u00e4ftliche Mitteilungen, wie Newsletter, postalische Informationen oder Fax.<\/p><p><strong>Datenerfassung auf unserer Webseite<\/strong><\/p><p><strong>Verantwortlicher f\u00fcr die Datenerfassung<\/strong><br \/>Die Datenverarbeitung auf dieser Webseite erfolgt durch das Rechenzentrum, bei dem unsere Webseite gehostet wird.<\/p><p><strong>Wie erfassen wir Ihre Daten?<\/strong><\/p><ul><li><strong>Direkt von Ihnen:<\/strong><br \/>Daten, die Sie uns direkt mitteilen (z. B. \u00fcber Kontaktformulare).<\/li><li><strong>Automatisch durch IT-Systeme:<\/strong><br \/>Technische Daten, wie Browsertyp, Betriebssystem, IP-Adresse, sowie Datum und Uhrzeit des Besuchs.<\/li><\/ul><p><strong>Verwendungszwecke Ihrer Daten<\/strong><br \/>Ihre Daten werden verwendet, um:<\/p><ul><li>Unser Onlineangebot und seine Funktionen bereitzustellen<\/li><li>Kontaktanfragen zu beantworten und mit Nutzern zu kommunizieren<\/li><li>Sicherheitsma\u00dfnahmen zu gew\u00e4hrleisten<\/li><li>Reichweitenmessung und Marketing durchzuf\u00fchren<\/li><li>Analysen durchzuf\u00fchren und Drittanbieter-Tools zu nutzen<\/li><\/ul><p><strong>Cookies und Analyse Tools<\/strong><br \/>Wir nutzen Cookies zur Verbesserung der Benutzerfreundlichkeit, Effektivit\u00e4t und Sicherheit unserer Webseite. Weitere Details zu Cookies finden Sie im Abschnitt \u201eCookies\u201c dieser Erkl\u00e4rung. Beim Besuch unserer Webseite k\u00f6nnen Ihre Daten anonym analysiert werden. Sie k\u00f6nnen die Nutzung von<br \/>Cookies und Analyse-Tools einschr\u00e4nken oder ablehnen.<\/p><h2>2.) Allgemeine Hinweise und Pflichtinformationen<\/h2><p><strong>Datenschutz<\/strong><br \/>Wir nehmen den Schutz Ihrer Daten ernst und behandeln Ihre personenbezogenen Daten vertraulich gem\u00e4\u00df den gesetzlichen\u00a0 Datenschutzvorschriften und dieser Datenschutzerkl\u00e4rung. Bitte beachten Sie, dass die Daten\u00fcbertragung im Internet (z. B. per E-Mail) Sicherheitsl\u00fccken aufweisen kann.<\/p><p><strong>SSL-\/TLS-Verschl\u00fcsselung<\/strong><br \/>Unsere Webseite verwendet eine SSL-\/TLS-Verschl\u00fcsselung zum Schutz vertraulicher Daten. Eine sichere Verbindung erkennen Sie an \u201ehttps:\/\/\u201c in der Adresszeile Ihres Browsers und am Schloss-Symbol.<\/p><p><strong>Verschl\u00fcsselter Zahlungsverkehr<\/strong><br \/>Bei Zahlungen werden Ihre Daten nur \u00fcber verschl\u00fcsselte Verbindungen \u00fcbertragen. Wir erhalten keine detaillierten Zahlungsinformationen, sondern nur Best\u00e4tigungen \u00fcber die Zahlungen.<\/p><h2>3.) Datenschutzbeauftragter<\/h2><p>Wir sind nicht verpflichtet, einen Datenschutzbeauftragten zu benennen. Falls erforderlich, k\u00f6nnen Sie uns direkt kontaktieren.<\/p><h2>4.) Datenerfassung auf unserer Webseite<\/h2><p><strong>Cookies<\/strong><br \/>Unsere Webseite verwendet Cookies, die keine Viren enthalten und Ihren Rechner nicht besch\u00e4digen. Cookies helfen uns, unsere Webseite nutzerfreundlicher und effektiver zu gestalten. Sie k\u00f6nnen die Verwendung von Cookies in Ihrem Browser einstellen. Wir verwenden Cookies f\u00fcr:<\/p><ul><li>Sitzungscookies<\/li><li>Cookies zur Speicherung von Cookie-Informationen<\/li><li>Analyse-Cookies<\/li><\/ul><p><strong>Server-Log-Dateien<\/strong><br \/>Wir speichern automatisch bestimmte technische Daten, die Ihr Browser \u00fcbermittelt, wie z. B. Browsertyp und IP-Adresse. Diese Daten werden anonymisiert und nicht mit anderen Datenquellen zusammengef\u00fchrt.<\/p><p><strong>Kontaktformular<\/strong><br \/>Die Daten, die Sie \u00fcber unser Kontaktformular \u00fcbermitteln, werden zur Bearbeitung Ihrer Anfrage gespeichert. Diese Daten werden nicht ohne Ihre Einwilligung weitergegeben und Sie k\u00f6nnen Ihre Einwilligung jederzeit widerrufen.<\/p><p><strong>Verarbeitung von Kunden- und Vertragsdaten<\/strong><br \/>Wir verarbeiten personenbezogene Daten zur Erf\u00fcllung von Vertr\u00e4gen oder vorvertraglichen Ma\u00dfnahmen gem\u00e4\u00df Art. 6 Abs. 1 lit. b DSGVO. Nach Abschluss des Auftrags oder Beendigung der Gesch\u00e4ftsbeziehung werden die Daten gel\u00f6scht, sofern keine gesetzlichen Aufbewahrungsfristen<br \/>bestehen.<\/p><p><strong>Daten\u00fcbermittlung<\/strong><br \/>Wir \u00fcbermitteln personenbezogene Daten nur, wenn dies zur Vertragserf\u00fcllung erforderlich ist oder Sie ausdr\u00fccklich eingewilligt haben.<\/p><ol><li><strong>Soziale Medien<\/strong><br \/>Derzeit verwenden wir keine Social-Media-Plugins. Zuk\u00fcnftige Plugins werden wir in dieser Datenschutzerkl\u00e4rung dokumentieren.<\/li><li><strong>Analyse-Tools und Werbung<\/strong><\/li><\/ol><p><strong>Newsletter<\/strong><br \/>Wir bieten keinen Newsletterversand an.<\/p><h2>7.) Plugins und Tools<\/h2><p>\u00a0<\/p><p><strong>Google Maps<\/strong><br \/>Wir verwenden Google Maps zur Anzeige von Karten. Google setzt Cookies, um<br \/>Nutzereinstellungen zu speichern. Sie k\u00f6nnen die Nutzung von Google Maps deaktivieren, indem Sie JavaScript in Ihrem<br \/>Browser deaktivieren. Weitere Informationen finden Sie in den Google-Nutzungsbedingungen.<\/p><p><strong>YouTube<\/strong><br \/>Wir verwenden YouTube-Videos im erweiterten Datenschutzmodus. Daten werden nur dann an YouTube \u00fcbermittelt, wenn Sie das Video ansehen. Weitere Informationen finden Sie in der Datenschutzerkl\u00e4rung von Google.<\/p><h2>8.) Zahlungsanbieter<\/h2><p><strong>PayPal<\/strong><br \/>F\u00fcr Spenden nutzen wir PayPal. PayPal erhebt und verarbeitet die Zahlungsdaten gem\u00e4\u00df den Datenschutzrichtlinien von PayPal. Wir erhalten keine detaillierten Zahlungsinformationen, sondern nur Zahlungsbest\u00e4tigungen. Weitere Informationen finden Sie in den Datenschutzrichtlinien von PayPal.<\/p><h2>9.) Automatische Entscheidungsfindung \/ Profiling<\/h2><p>Wir f\u00fchren keine automatisierte<br \/>Entscheidungsfindung oder Profiling durch.<\/p><h2>10.)Ihre Rechte<\/h2><p><b>a) Auskunfts- und Best\u00e4tigungsrecht<\/b><br \/>Sie haben das Recht auf Auskunft und Best\u00e4tigung \u00fcber Ihre<br \/>gespeicherten personenbezogenen Daten sowie eine Kopie dieser Daten.<br \/><strong>b) Berichtigungsrecht<\/strong><br \/>Sie k\u00f6nnen die Berichtigung unrichtiger Daten oder die Vervollst\u00e4ndigung<br \/>unvollst\u00e4ndiger Daten verlangen.<br \/><strong>c) L\u00f6schungsrechte<\/strong><br \/>Sie k\u00f6nnen die unverz\u00fcgliche L\u00f6schung Ihrer personenbezogenen Daten<br \/>verlangen, wenn:<\/p><ul><li>Die Daten nicht mehr ben\u00f6tigt werden<\/li><li>Sie Ihre Einwilligung widerrufen und keine andere Rechtsgrundlage besteht<\/li><li>Sie Widerspruch gegen die Verarbeitung einlegen und keine \u00fcberwiegenden Gr\u00fcnde vorliegen<\/li><li>Die Daten unrechtm\u00e4\u00dfig verarbeitet wurden<\/li><li>Eine rechtliche Verpflichtung zur L\u00f6schung besteht<\/li><li>Die Daten im Zusammenhang mit Diensten der Informationsgesellschaft gem\u00e4\u00df Art. 8 Abs. 1 DSGVO erhoben wurden<\/li><\/ul><p><b>d) Recht auf Einschr\u00e4nkung der Verarbeitung<\/b><br \/>Sie k\u00f6nnen die Einschr\u00e4nkung der Verarbeitung<br \/>verlangen, wenn:<\/p><ul><li>Die Richtigkeit der Daten bestritten wird<\/li><li>Die Verarbeitung unrechtm\u00e4\u00dfig ist, aber Sie die Einschr\u00e4nkung w\u00fcnschen Die Daten f\u00fcr die Verarbeitung nicht mehr ben\u00f6tigt werden, aber f\u00fcr Rechtsanspr\u00fcche erforderlich sind<\/li><li>Sie Widerspruch eingelegt haben und noch nicht entschieden wurde, ob unsere Gr\u00fcnde \u00fcberwiegen<\/li><\/ul><p><strong>e) Widerspruchsrecht<\/strong><br \/>Sie k\u00f6nnen jederzeit Widerspruch gegen die Verarbeitung Ihrer Daten einlegen, wenn diese auf Art. 6 Abs. 1 lit. e oder f DSGVO beruht. Bei Direktwerbung k\u00f6nnen Sie ebenfalls jederzeit Widerspruch einlegen.<\/p><p><strong>f) Recht auf Daten\u00fcbertragbarkeit<\/strong><br \/>Sie haben das Recht, Ihre personenbezogenen Daten in einem strukturierten, g\u00e4ngigen und maschinenlesbaren Format zu erhalten und diese an einen anderen Verantwortlichen zu \u00fcbermitteln, sofern dies technisch machbar ist.<\/p><p><strong>g) Recht auf Widerruf einer datenschutzrechtlichen Einwilligung<\/strong><br \/>Sie k\u00f6nnen Ihre Einwilligung zur Verarbeitung personenbezogener Daten jederzeit widerrufen. Der Widerruf hat keine Auswirkungen auf die Rechtm\u00e4\u00dfigkeit der bis dahin erfolgten Verarbeitung.<\/p><p><strong>h) Beschwerderecht bei der Aufsichtsbeh\u00f6rde<\/strong><br \/>Im Falle von Datenschutzverst\u00f6\u00dfen haben Sie das<br \/>Recht, bei der zust\u00e4ndigen Aufsichtsbeh\u00f6rde Beschwerde einzulegen. Die zust\u00e4ndige Aufsichtsbeh\u00f6rde ist der Datenschutzbeauftragte des Bundeslandes, in dem unser Unternehmen ans\u00e4ssig ist. Eine Liste der Datenschutzbeauftragten finden Sie <a href=\"https:\/\/www.bfdi.bund.de\/DE\/Infothek\/Anschriften_Links\/anschriften_links-node.html\">hier<\/a>.<\/p><h2>11.) Gesetzliche oder vertragliche Vorschriften zur Bereitstellung personenbezogener Daten<\/h2><p>Die Bereitstellung personenbezogener Daten kann gesetzlich vorgeschrieben sein oder vertraglichen Regelungen<br \/>unterliegen. Eine Nichtbereitstellung kann dazu f\u00fchren, dass ein Vertrag nicht abgeschlossen werden kann.<\/p><h2>12.) Widerspruch gegen Werbe- und Informationsmaterialien<\/h2><p>Hiermit widersprechen wir der Nutzung der im Impressum ver\u00f6ffentlichten Kontaktdaten f\u00fcr die Zusendung von<br \/>unaufgeforderter Werbung und Informationsmaterialien. Dies umfasst insbesondere die Zusendung von Spam-E-Mails,<br \/>Spam-Briefen und Spam-Faxen.<\/p><p>Wir behalten uns vor, rechtliche Schritte gegen die unerw\u00fcnschte und unaufgeforderte Zusendung von Werbematerialien<br \/>einzuleiten. Die unautorisierte \u00dcbermittlung von Werbematerial kann sowohl wettbewerbsrechtliche, zivilrechtliche<br \/>als auch strafrechtliche Konsequenzen nach sich ziehen. Insbesondere die Zusendung von Spam-E-Mails und Spam-Faxen<br \/>kann zu hohen Schadensersatzforderungen f\u00fchren, insbesondere wenn sie den Gesch\u00e4ftsbetrieb durch \u00dcberflutung von<br \/>Postf\u00e4chern oder Faxger\u00e4ten st\u00f6ren.<\/p>\t\t\t\t\t\t\t\t<\/div>\n\t\t\t\t<\/div>\n\t\t\t\t\t<\/div>\n\t\t<\/div>\n\t\t\t\t\t<\/div>\n\t\t<\/section>\n\t\t\t\t<\/div>","protected":false},"excerpt":{"rendered":"<p>Datenschutzerkl\u00e4rung f\u00fcr unser Onlineangebot gem\u00e4\u00df EU-DSGVO 1.) Datenschutz im \u00dcberblick Allgemeine HinweiseDiese Datenschutzerkl\u00e4rung informiert Sie \u00fcber die Art, den Umfang und den Zweck der Verarbeitung personenbezogener Daten innerhalb unseres Onlineangebotes und der damit verbundenen Webseiten, Funktionen und Inhalte sowie \u00fcber Ihre Rechte gem\u00e4\u00df der Datenschutz-Grundverordnung (DSGVO). Personenbezogene Daten sind alle Informationen, die eine Identifizierung einer [&hellip;]<\/p>\n","protected":false},"author":1,"featured_media":0,"parent":0,"menu_order":10,"comment_status":"closed","ping_status":"closed","template":"elementor_header_footer","meta":{"inline_featured_image":false,"ocean_post_layout":"","ocean_both_sidebars_style":"","ocean_both_sidebars_content_width":0,"ocean_both_sidebars_sidebars_width":0,"ocean_sidebar":"","ocean_second_sidebar":"","ocean_disable_margins":"enable","ocean_add_body_class":"","ocean_shortcode_before_top_bar":"","ocean_shortcode_after_top_bar":"","ocean_shortcode_before_header":"","ocean_shortcode_after_header":"","ocean_has_shortcode":"","ocean_shortcode_after_title":"","ocean_shortcode_before_footer_widgets":"","ocean_shortcode_after_footer_widgets":"","ocean_shortcode_before_footer_bottom":"","ocean_shortcode_after_footer_bottom":"","ocean_display_top_bar":"default","ocean_display_header":"default","ocean_header_style":"","ocean_center_header_left_menu":"","ocean_custom_header_template":"","ocean_custom_logo":0,"ocean_custom_retina_logo":0,"ocean_custom_logo_max_width":0,"ocean_custom_logo_tablet_max_width":0,"ocean_custom_logo_mobile_max_width":0,"ocean_custom_logo_max_height":0,"ocean_custom_logo_tablet_max_height":0,"ocean_custom_logo_mobile_max_height":0,"ocean_header_custom_menu":"","ocean_menu_typo_font_family":"","ocean_menu_typo_font_subset":"","ocean_menu_typo_font_size":0,"ocean_menu_typo_font_size_tablet":0,"ocean_menu_typo_font_size_mobile":0,"ocean_menu_typo_font_size_unit":"px","ocean_menu_typo_font_weight":"","ocean_menu_typo_font_weight_tablet":"","ocean_menu_typo_font_weight_mobile":"","ocean_menu_typo_transform":"","ocean_menu_typo_transform_tablet":"","ocean_menu_typo_transform_mobile":"","ocean_menu_typo_line_height":0,"ocean_menu_typo_line_height_tablet":0,"ocean_menu_typo_line_height_mobile":0,"ocean_menu_typo_line_height_unit":"","ocean_menu_typo_spacing":0,"ocean_menu_typo_spacing_tablet":0,"ocean_menu_typo_spacing_mobile":0,"ocean_menu_typo_spacing_unit":"","ocean_menu_link_color":"","ocean_menu_link_color_hover":"","ocean_menu_link_color_active":"","ocean_menu_link_background":"","ocean_menu_link_hover_background":"","ocean_menu_link_active_background":"","ocean_menu_social_links_bg":"","ocean_menu_social_hover_links_bg":"","ocean_menu_social_links_color":"","ocean_menu_social_hover_links_color":"","ocean_disable_title":"default","ocean_disable_heading":"default","ocean_post_title":"","ocean_post_subheading":"","ocean_post_title_style":"","ocean_post_title_background_color":"","ocean_post_title_background":0,"ocean_post_title_bg_image_position":"","ocean_post_title_bg_image_attachment":"","ocean_post_title_bg_image_repeat":"","ocean_post_title_bg_image_size":"","ocean_post_title_height":0,"ocean_post_title_bg_overlay":0.5,"ocean_post_title_bg_overlay_color":"","ocean_disable_breadcrumbs":"default","ocean_breadcrumbs_color":"","ocean_breadcrumbs_separator_color":"","ocean_breadcrumbs_links_color":"","ocean_breadcrumbs_links_hover_color":"","ocean_display_footer_widgets":"default","ocean_display_footer_bottom":"default","ocean_custom_footer_template":"","footnotes":""},"class_list":["post-3000","page","type-page","status-publish","hentry","entry"],"_links":{"self":[{"href":"https:\/\/frankfurter-tafel.org\/en\/wp-json\/wp\/v2\/pages\/3000","targetHints":{"allow":["GET"]}}],"collection":[{"href":"https:\/\/frankfurter-tafel.org\/en\/wp-json\/wp\/v2\/pages"}],"about":[{"href":"https:\/\/frankfurter-tafel.org\/en\/wp-json\/wp\/v2\/types\/page"}],"author":[{"embeddable":true,"href":"https:\/\/frankfurter-tafel.org\/en\/wp-json\/wp\/v2\/users\/1"}],"replies":[{"embeddable":true,"href":"https:\/\/frankfurter-tafel.org\/en\/wp-json\/wp\/v2\/comments?post=3000"}],"version-history":[{"count":43,"href":"https:\/\/frankfurter-tafel.org\/en\/wp-json\/wp\/v2\/pages\/3000\/revisions"}],"predecessor-version":[{"id":3067,"href":"https:\/\/frankfurter-tafel.org\/en\/wp-json\/wp\/v2\/pages\/3000\/revisions\/3067"}],"wp:attachment":[{"href":"https:\/\/frankfurter-tafel.org\/en\/wp-json\/wp\/v2\/media?parent=3000"}],"curies":[{"name":"wp","href":"https:\/\/api.w.org\/{rel}","templated":true}]}}