{"id":6,"date":"2023-09-06T09:34:42","date_gmt":"2023-09-06T07:34:42","guid":{"rendered":"http:\/\/frankfurter-tafel.localhost:8888\/?page_id=6"},"modified":"2026-03-11T12:47:11","modified_gmt":"2026-03-11T11:47:11","slug":"about","status":"publish","type":"page","link":"https:\/\/frankfurter-tafel.org\/en\/about\/","title":{"rendered":"About us"},"content":{"rendered":"<div data-elementor-type=\"wp-page\" data-elementor-id=\"6\" class=\"elementor elementor-6\">\n\t\t\t\t\t\t<section class=\"elementor-section elementor-top-section elementor-element elementor-element-9283f79 elementor-section-height-min-height elementor-section-stretched elementor-section-boxed elementor-section-height-default elementor-section-items-middle\" data-id=\"9283f79\" data-element_type=\"section\" data-e-type=\"section\" data-settings=\"{&quot;background_background&quot;:&quot;classic&quot;,&quot;stretch_section&quot;:&quot;section-stretched&quot;}\">\n\t\t\t\t\t\t<div class=\"elementor-container elementor-column-gap-default\">\n\t\t\t\t\t<div class=\"elementor-column elementor-col-100 elementor-top-column elementor-element elementor-element-92925ee\" data-id=\"92925ee\" data-element_type=\"column\" data-e-type=\"column\">\n\t\t\t<div class=\"elementor-widget-wrap\">\n\t\t\t\t\t\t\t<\/div>\n\t\t<\/div>\n\t\t\t\t\t<\/div>\n\t\t<\/section>\n\t\t\t\t<section class=\"elementor-section elementor-top-section elementor-element elementor-element-7f6d0dfc elementor-section-boxed elementor-section-height-default elementor-section-height-default\" data-id=\"7f6d0dfc\" data-element_type=\"section\" data-e-type=\"section\">\n\t\t\t\t\t\t<div class=\"elementor-container elementor-column-gap-default\">\n\t\t\t\t\t<div class=\"elementor-column elementor-col-100 elementor-top-column elementor-element elementor-element-2bfd4872\" data-id=\"2bfd4872\" data-element_type=\"column\" data-e-type=\"column\">\n\t\t\t<div class=\"elementor-widget-wrap elementor-element-populated\">\n\t\t\t\t\t\t<div class=\"elementor-element elementor-element-24164263 elementor-widget elementor-widget-heading\" data-id=\"24164263\" data-element_type=\"widget\" data-e-type=\"widget\" data-widget_type=\"heading.default\">\n\t\t\t\t<div class=\"elementor-widget-container\">\n\t\t\t\t\t<h1 class=\"elementor-heading-title elementor-size-default\">\u00dcber die Tafel Frankfurt<\/h1>\t\t\t\t<\/div>\n\t\t\t\t<\/div>\n\t\t\t\t<div class=\"elementor-element elementor-element-5678c41e elementor-widget elementor-widget-text-editor\" data-id=\"5678c41e\" data-element_type=\"widget\" data-e-type=\"widget\" data-widget_type=\"text-editor.default\">\n\t\t\t\t<div class=\"elementor-widget-container\">\n\t\t\t\t\t\t\t\t\t<p>Die Tafel Frankfurt am Main wurde <strong>1995<\/strong>\u00a0gegr\u00fcndet. Die Tafelaktivisten holen \u00fcbersch\u00fcssige Lebensmittel an unterschiedlichen Standorten in und um Frankfurt am Main ab und geben sie an\u00a0<strong>14 Ausgabestellen<\/strong>\u00a0\u00fcber die Stadt verteilt an armutsbetroffene Personen aus.<\/p><p>Die Frankfurter Tafel e.V. ist ein gemeinn\u00fctziger Verein, der sich die Aufgabe gestellt hat, 22.000 bed\u00fcrftige Mitmenschen, die in Frankfurt am Main wohnen und berechtigt sind, mit guten Lebensmitteln zu\u00a0<strong>helfen<\/strong>. Diese Lebensmittel sammelt die Frankfurter Tafel nach Logistik Pl\u00e4nen und in Abstimmung mit allen Frankfurter Superm\u00e4rkten ein und f\u00e4hrt diese an die eigenen <strong>14 Lebensmittelausgabestellen<\/strong>\u00a0im Stadtgebiet zur Verteilung an bed\u00fcrftigen Mitmenschen.<\/p><p>Die Frankfurter Tafel ist eine gemeinn\u00fctzige Organisation, die sich in Frankfurt am Main, Deutschland, f\u00fcr die Unterst\u00fctzung bed\u00fcrftiger Menschen einsetzt. Sie ist Teil eines\u00a0<strong>Netzwerks<\/strong>\u00a0von Tafeln in Deutschland und weltweit. Die Hauptaufgabe der Frankfurter Tafel besteht darin, Lebensmittel, die von Superm\u00e4rkten, Restaurants, Gro\u00dfh\u00e4ndlern und anderen Lebensmittelanbietern nicht verkauft werden k\u00f6nnen, aber immer noch genie\u00dfbar und sicher sind, zu sammeln und an Bed\u00fcrftige zu verteilen.<\/p><p>Die Frankfurter Tafel arbeitet mit\u00a0<strong>ehrenamtlichen\u00a0Helfern<\/strong>\u00a0zusammen, die Lebensmittel einsammeln, sortieren und an verschiedene Verteilstellen in der Stadt liefern. Dort k\u00f6nnen Menschen, die sich in finanziellen Schwierigkeiten befinden, Lebensmittel und andere grundlegende G\u00fcter abholen. Dieser Ansatz hilft nicht nur dabei, Lebensmittelverschwendung zu reduzieren, sondern erm\u00f6glicht es auch Menschen, die sich in prek\u00e4ren wirtschaftlichen Verh\u00e4ltnissen befinden, eine zuverl\u00e4ssige Quelle f\u00fcr Nahrungsmittel zu haben.<\/p><p>Die Frankfurter Tafel arbeitet eng mit\u00a0<strong>72\u00a0Lebensmittelanbietern<\/strong> und Einrichtungen in der Region zusammen, um Lebensmittel zu sammeln und zu verteilen. Sie f\u00f6rdert au\u00dferdem Bewusstsein f\u00fcr Lebensmittelverschwendung und die Bed\u00fcrfnisse bed\u00fcrftiger Menschen in der Gesellschaft. Die Arbeit der Tafel ist von ehrenamtlichen Helfern abh\u00e4ngig und finanziert sich durch Spenden und Unterst\u00fctzung von Unternehmen sowie anderen Institutionen.<\/p><p>Die Frankfurter Tafel ist ein Beispiel f\u00fcr die Bem\u00fchungen vieler Organisationen in Deutschland und auf der ganzen Welt, Bed\u00fcrftigen zu helfen und gleichzeitig Lebensmittelverschwendung zu bek\u00e4mpfen.<\/p>\t\t\t\t\t\t\t\t<\/div>\n\t\t\t\t<\/div>\n\t\t\t\t\t<\/div>\n\t\t<\/div>\n\t\t\t\t\t<\/div>\n\t\t<\/section>\n\t\t\t\t<\/div>","protected":false},"excerpt":{"rendered":"<p>\u00dcber die Tafel Frankfurt Die Tafel Frankfurt am Main wurde 1995\u00a0gegr\u00fcndet. Die Tafelaktivisten holen \u00fcbersch\u00fcssige Lebensmittel an unterschiedlichen Standorten in und um Frankfurt am Main ab und geben sie an\u00a014 Ausgabestellen\u00a0\u00fcber die Stadt verteilt an armutsbetroffene Personen aus. Die Frankfurter Tafel e.V. ist ein gemeinn\u00fctziger Verein, der sich die Aufgabe gestellt hat, 22.000 bed\u00fcrftige Mitmenschen, [&hellip;]<\/p>\n","protected":false},"author":1,"featured_media":0,"parent":0,"menu_order":2,"comment_status":"closed","ping_status":"closed","template":"elementor_header_footer","meta":{"inline_featured_image":false,"ocean_post_layout":"full-width","ocean_both_sidebars_style":"","ocean_both_sidebars_content_width":0,"ocean_both_sidebars_sidebars_width":0,"ocean_sidebar":"footer-one","ocean_second_sidebar":"","ocean_disable_margins":"on","ocean_add_body_class":"","ocean_shortcode_before_top_bar":"","ocean_shortcode_after_top_bar":"","ocean_shortcode_before_header":"","ocean_shortcode_after_header":"","ocean_has_shortcode":"","ocean_shortcode_after_title":"","ocean_shortcode_before_footer_widgets":"","ocean_shortcode_after_footer_widgets":"","ocean_shortcode_before_footer_bottom":"","ocean_shortcode_after_footer_bottom":"","ocean_display_top_bar":"default","ocean_display_header":"default","ocean_header_style":"","ocean_center_header_left_menu":"","ocean_custom_header_template":"","ocean_custom_logo":0,"ocean_custom_retina_logo":0,"ocean_custom_logo_max_width":0,"ocean_custom_logo_tablet_max_width":0,"ocean_custom_logo_mobile_max_width":0,"ocean_custom_logo_max_height":0,"ocean_custom_logo_tablet_max_height":0,"ocean_custom_logo_mobile_max_height":0,"ocean_header_custom_menu":"","ocean_menu_typo_font_family":"","ocean_menu_typo_font_subset":"","ocean_menu_typo_font_size":0,"ocean_menu_typo_font_size_tablet":0,"ocean_menu_typo_font_size_mobile":0,"ocean_menu_typo_font_size_unit":"px","ocean_menu_typo_font_weight":"","ocean_menu_typo_font_weight_tablet":"","ocean_menu_typo_font_weight_mobile":"","ocean_menu_typo_transform":"","ocean_menu_typo_transform_tablet":"","ocean_menu_typo_transform_mobile":"","ocean_menu_typo_line_height":0,"ocean_menu_typo_line_height_tablet":0,"ocean_menu_typo_line_height_mobile":0,"ocean_menu_typo_line_height_unit":"","ocean_menu_typo_spacing":0,"ocean_menu_typo_spacing_tablet":0,"ocean_menu_typo_spacing_mobile":0,"ocean_menu_typo_spacing_unit":"","ocean_menu_link_color":"","ocean_menu_link_color_hover":"","ocean_menu_link_color_active":"","ocean_menu_link_background":"","ocean_menu_link_hover_background":"","ocean_menu_link_active_background":"","ocean_menu_social_links_bg":"","ocean_menu_social_hover_links_bg":"","ocean_menu_social_links_color":"","ocean_menu_social_hover_links_color":"","ocean_disable_title":"default","ocean_disable_heading":"default","ocean_post_title":"","ocean_post_subheading":"","ocean_post_title_style":"","ocean_post_title_background_color":"","ocean_post_title_background":0,"ocean_post_title_bg_image_position":"","ocean_post_title_bg_image_attachment":"","ocean_post_title_bg_image_repeat":"","ocean_post_title_bg_image_size":"","ocean_post_title_height":0,"ocean_post_title_bg_overlay":0.5,"ocean_post_title_bg_overlay_color":"","ocean_disable_breadcrumbs":"default","ocean_breadcrumbs_color":"","ocean_breadcrumbs_separator_color":"","ocean_breadcrumbs_links_color":"","ocean_breadcrumbs_links_hover_color":"","ocean_display_footer_widgets":"default","ocean_display_footer_bottom":"default","ocean_custom_footer_template":"","footnotes":""},"class_list":["post-6","page","type-page","status-publish","hentry","entry"],"_links":{"self":[{"href":"https:\/\/frankfurter-tafel.org\/en\/wp-json\/wp\/v2\/pages\/6","targetHints":{"allow":["GET"]}}],"collection":[{"href":"https:\/\/frankfurter-tafel.org\/en\/wp-json\/wp\/v2\/pages"}],"about":[{"href":"https:\/\/frankfurter-tafel.org\/en\/wp-json\/wp\/v2\/types\/page"}],"author":[{"embeddable":true,"href":"https:\/\/frankfurter-tafel.org\/en\/wp-json\/wp\/v2\/users\/1"}],"replies":[{"embeddable":true,"href":"https:\/\/frankfurter-tafel.org\/en\/wp-json\/wp\/v2\/comments?post=6"}],"version-history":[{"count":127,"href":"https:\/\/frankfurter-tafel.org\/en\/wp-json\/wp\/v2\/pages\/6\/revisions"}],"predecessor-version":[{"id":3828,"href":"https:\/\/frankfurter-tafel.org\/en\/wp-json\/wp\/v2\/pages\/6\/revisions\/3828"}],"wp:attachment":[{"href":"https:\/\/frankfurter-tafel.org\/en\/wp-json\/wp\/v2\/media?parent=6"}],"curies":[{"name":"wp","href":"https:\/\/api.w.org\/{rel}","templated":true}]}}